{"id":14652,"date":"2026-02-19T12:00:47","date_gmt":"2026-02-19T12:00:47","guid":{"rendered":"https:\/\/flor.org.ar\/?page_id=14652"},"modified":"2026-02-19T16:23:11","modified_gmt":"2026-02-19T16:23:11","slug":"club-flor","status":"publish","type":"page","link":"https:\/\/flor.org.ar\/en\/club-flor\/","title":{"rendered":"FLOR Club"},"content":{"rendered":"<div data-elementor-type=\"wp-page\" data-elementor-id=\"14652\" class=\"elementor elementor-14652\" data-elementor-settings=\"{&quot;ha_cmc_init_switcher&quot;:&quot;no&quot;}\">\n\t\t\t\t<div class=\"elementor-element elementor-element-dad6c39 e-con-full e-flex wpr-particle-no wpr-jarallax-no wpr-parallax-no wpr-sticky-section-no e-con e-parent\" data-id=\"dad6c39\" data-element_type=\"container\" data-e-type=\"container\" data-settings=\"{&quot;_ha_eqh_enable&quot;:false}\">\n\t\t<div class=\"elementor-element elementor-element-6e707da e-flex e-con-boxed wpr-particle-no wpr-jarallax-no wpr-parallax-no wpr-sticky-section-no e-con e-child\" data-id=\"6e707da\" data-element_type=\"container\" data-e-type=\"container\" data-settings=\"{&quot;_ha_eqh_enable&quot;:false}\">\n\t\t\t\t\t<div class=\"e-con-inner\">\n\t\t<div class=\"elementor-element elementor-element-0d29be7 e-con-full e-flex wpr-particle-no wpr-jarallax-no wpr-parallax-no wpr-sticky-section-no e-con e-child\" data-id=\"0d29be7\" data-element_type=\"container\" data-e-type=\"container\" data-settings=\"{&quot;_ha_eqh_enable&quot;:false}\">\n\t\t\t\t<div class=\"elementor-element elementor-element-df6e203 elementor-widget elementor-widget-heading\" data-id=\"df6e203\" data-element_type=\"widget\" data-e-type=\"widget\" data-widget_type=\"heading.default\">\n\t\t\t\t\t<h2 class=\"elementor-heading-title elementor-size-default\">FLOR Club<\/h2>\t\t\t\t<\/div>\n\t\t\t\t<div class=\"elementor-element elementor-element-42d00a2 elementor-widget elementor-widget-text-editor\" data-id=\"42d00a2\" data-element_type=\"widget\" data-e-type=\"widget\" data-widget_type=\"text-editor.default\">\n\t\t\t\t\t\t\t\t\t<p class=\"translation-block\">Join a community of individuals committed to <b>diversity<\/b>, <b>equity<\/b>, and <b>responsible leadership<\/b>.<\/p><p>We want more and more people to drive change and promote a future with more opportunities for everyone.<\/p>\t\t\t\t\t\t\t\t<\/div>\n\t\t\t\t<\/div>\n\t\t<div class=\"elementor-element elementor-element-04c46bb e-con-full e-flex wpr-particle-no wpr-jarallax-no wpr-parallax-no wpr-sticky-section-no e-con e-child\" data-id=\"04c46bb\" data-element_type=\"container\" data-e-type=\"container\" data-settings=\"{&quot;_ha_eqh_enable&quot;:false}\">\n\t\t\t\t<div class=\"elementor-element elementor-element-c7c5290 elementor-widget elementor-widget-image\" data-id=\"c7c5290\" data-element_type=\"widget\" data-e-type=\"widget\" data-widget_type=\"image.default\">\n\t\t\t\t\t\t\t\t\t\t\t\t\t\t\t<img fetchpriority=\"high\" decoding=\"async\" width=\"1024\" height=\"1024\" src=\"https:\/\/flor.org.ar\/wp-content\/uploads\/2026\/02\/clubflor-1024x1024.jpg\" class=\"attachment-large size-large wp-image-14654\" alt=\"\" srcset=\"https:\/\/flor.org.ar\/wp-content\/uploads\/2026\/02\/clubflor-1024x1024.jpg 1024w, https:\/\/flor.org.ar\/wp-content\/uploads\/2026\/02\/clubflor-300x300.jpg 300w, https:\/\/flor.org.ar\/wp-content\/uploads\/2026\/02\/clubflor-150x150.jpg 150w, https:\/\/flor.org.ar\/wp-content\/uploads\/2026\/02\/clubflor-768x768.jpg 768w, https:\/\/flor.org.ar\/wp-content\/uploads\/2026\/02\/clubflor-1536x1536.jpg 1536w, https:\/\/flor.org.ar\/wp-content\/uploads\/2026\/02\/clubflor-2048x2048.jpg 2048w\" sizes=\"(max-width: 1024px) 100vw, 1024px\" \/>\t\t\t\t\t\t\t\t\t\t\t\t\t\t\t<\/div>\n\t\t\t\t<\/div>\n\t\t\t\t\t<\/div>\n\t\t\t\t<\/div>\n\t\t\t\t<\/div>\n\t\t<div class=\"elementor-element elementor-element-18cb4cb e-flex e-con-boxed wpr-particle-no wpr-jarallax-no wpr-parallax-no wpr-sticky-section-no e-con e-parent\" data-id=\"18cb4cb\" data-element_type=\"container\" data-e-type=\"container\" data-settings=\"{&quot;_ha_eqh_enable&quot;:false}\">\n\t\t\t\t\t<div class=\"e-con-inner\">\n\t\t\t\t<div class=\"elementor-element elementor-element-95d527c elementor-widget elementor-widget-heading\" data-id=\"95d527c\" data-element_type=\"widget\" data-e-type=\"widget\" data-widget_type=\"heading.default\">\n\t\t\t\t\t<h2 class=\"elementor-heading-title elementor-size-default\">Why join Club FLOR?<\/h2>\t\t\t\t<\/div>\n\t\t\t\t<div class=\"elementor-element elementor-element-d3dc1d2 elementor-widget elementor-widget-text-editor\" data-id=\"d3dc1d2\" data-element_type=\"widget\" data-e-type=\"widget\" data-widget_type=\"text-editor.default\">\n\t\t\t\t\t\t\t\t\t<p class=\"translation-block\">By joining, you are not only supporting the growth of our foundation, but also gaining access to the<br>following exclusive benefits:<\/p>\t\t\t\t\t\t\t\t<\/div>\n\t\t\t\t<div class=\"elementor-element elementor-element-73de082 elementor-widget elementor-widget-text-editor\" data-id=\"73de082\" data-element_type=\"widget\" data-e-type=\"widget\" data-widget_type=\"text-editor.default\">\n\t\t\t\t\t\t\t\t\t<ul>\n<li class=\"translation-block\"><b>Special discounts<\/b> on selected Fundaci\u00f3n FLOR programs and events.<\/li>\n<li class=\"translation-block\">Access to <b>exclusive content<\/b> through our newsletter.<\/li>\n<li class=\"translation-block\">Priority at virtual and in-person <b>training and networking<\/b> events, including our <b>FLOR Awards<\/b>.<\/li>\n<\/ul>\t\t\t\t\t\t\t\t<\/div>\n\t\t\t\t\t<\/div>\n\t\t\t\t<\/div>\n\t\t<div class=\"elementor-element elementor-element-1900205 e-flex e-con-boxed wpr-particle-no wpr-jarallax-no wpr-parallax-no wpr-sticky-section-no e-con e-parent\" data-id=\"1900205\" data-element_type=\"container\" data-e-type=\"container\" data-settings=\"{&quot;background_background&quot;:&quot;gradient&quot;,&quot;_ha_eqh_enable&quot;:false}\">\n\t\t\t\t\t<div class=\"e-con-inner\">\n\t\t\t\t<div class=\"elementor-element elementor-element-8a19d58 elementor-widget elementor-widget-heading\" data-id=\"8a19d58\" data-element_type=\"widget\" data-e-type=\"widget\" data-widget_type=\"heading.default\">\n\t\t\t\t\t<h2 class=\"elementor-heading-title elementor-size-default\">Your contribution makes a difference.<\/h2>\t\t\t\t<\/div>\n\t\t\t\t<div class=\"elementor-element elementor-element-0218421 elementor-widget elementor-widget-heading\" data-id=\"0218421\" data-element_type=\"widget\" data-e-type=\"widget\" data-widget_type=\"heading.default\">\n\t\t\t\t\t<h2 class=\"elementor-heading-title elementor-size-default\">Join today and cultivate positive transformation in the world!<\/h2>\t\t\t\t<\/div>\n\t\t\t\t<div class=\"elementor-element elementor-element-bde7823 elementor-mobile-align-left elementor-widget elementor-widget-button\" data-id=\"bde7823\" data-element_type=\"widget\" data-e-type=\"widget\" data-widget_type=\"button.default\">\n\t\t\t\t\t\t\t\t\t\t<a class=\"elementor-button elementor-button-link elementor-size-sm\" href=\"https:\/\/donaronline.org\/fundacion-liderazgos-y-organizaciones-responsables\/quiero-apoyar-a-fundacion-flor\">\n\t\t\t\t\t\t<span class=\"elementor-button-content-wrapper\">\n\t\t\t\t\t\t\t\t\t<span class=\"elementor-button-text\">Donate now<\/span>\n\t\t\t\t\t<\/span>\n\t\t\t\t\t<\/a>\n\t\t\t\t\t\t\t\t<\/div>\n\t\t\t\t\t<\/div>\n\t\t\t\t<\/div>\n\t\t\t\t<\/div>","protected":false},"excerpt":{"rendered":"<p>Club FLOR Sumate a una comunidad de personas comprometidas con la diversidad, la equidad y el liderazgo responsable.&nbsp; Queremos cada vez que m\u00e1s personas impulsen el cambio y promuevan un futuro con m\u00e1s oportunidades para todas las personas. \u00bfPor qu\u00e9 sumarte a Club FLOR? Al unirte, no solo est\u00e1s colaborando con el crecimiento de nuestra fundaci\u00f3n, sino que tambi\u00e9n accedes a lossiguientes beneficios exclusivos: Descuentos especiales en programas y eventos seleccionados de la Fundaci\u00f3n FLOR. Acceso a contenido exclusivo a trav\u00e9s de nuestro newsletter. Prioridad en eventos virtuales y presenciales de formaci\u00f3n y networking, incluyendo nuestrosPremios FLOR. Tu aporte hace la diferencia. \u00a1Sumate hoy y cultiv\u00e1 la transformaci\u00f3n positiva en el mundo! Donar ahora<\/p>","protected":false},"author":1,"featured_media":0,"parent":0,"menu_order":0,"comment_status":"closed","ping_status":"closed","template":"page-templates\/template-pagebuilder-full-width.php","meta":{"neve_meta_sidebar":"","neve_meta_container":"","neve_meta_enable_content_width":"","neve_meta_content_width":0,"neve_meta_title_alignment":"","neve_meta_author_avatar":"","neve_post_elements_order":"","neve_meta_disable_header":"","neve_meta_disable_footer":"","neve_meta_disable_title":"","footnotes":""},"class_list":["post-14652","page","type-page","status-publish","hentry"],"_links":{"self":[{"href":"https:\/\/flor.org.ar\/en\/wp-json\/wp\/v2\/pages\/14652","targetHints":{"allow":["GET"]}}],"collection":[{"href":"https:\/\/flor.org.ar\/en\/wp-json\/wp\/v2\/pages"}],"about":[{"href":"https:\/\/flor.org.ar\/en\/wp-json\/wp\/v2\/types\/page"}],"author":[{"embeddable":true,"href":"https:\/\/flor.org.ar\/en\/wp-json\/wp\/v2\/users\/1"}],"replies":[{"embeddable":true,"href":"https:\/\/flor.org.ar\/en\/wp-json\/wp\/v2\/comments?post=14652"}],"version-history":[{"count":16,"href":"https:\/\/flor.org.ar\/en\/wp-json\/wp\/v2\/pages\/14652\/revisions"}],"predecessor-version":[{"id":14687,"href":"https:\/\/flor.org.ar\/en\/wp-json\/wp\/v2\/pages\/14652\/revisions\/14687"}],"wp:attachment":[{"href":"https:\/\/flor.org.ar\/en\/wp-json\/wp\/v2\/media?parent=14652"}],"curies":[{"name":"wp","href":"https:\/\/api.w.org\/{rel}","templated":true}]}}