{"id":48,"date":"2026-01-07T23:20:52","date_gmt":"2026-01-07T23:20:52","guid":{"rendered":"https:\/\/flor.org.ar\/?page_id=48"},"modified":"2026-03-31T17:11:28","modified_gmt":"2026-03-31T17:11:28","slug":"in-company","status":"publish","type":"page","link":"https:\/\/flor.org.ar\/en\/in-company\/","title":{"rendered":"In Company"},"content":{"rendered":"<div data-elementor-type=\"wp-page\" data-elementor-id=\"48\" class=\"elementor elementor-48\" data-elementor-settings=\"{&quot;ha_cmc_init_switcher&quot;:&quot;no&quot;}\">\n\t\t\t\t<div class=\"elementor-element elementor-element-8d903dd e-con-full e-flex wpr-particle-no wpr-jarallax-no wpr-parallax-no wpr-sticky-section-no e-con e-parent\" data-id=\"8d903dd\" data-element_type=\"container\" data-e-type=\"container\" data-settings=\"{&quot;_ha_eqh_enable&quot;:false}\">\n\t\t\t\t<div class=\"elementor-element elementor-element-55ee2df elementor-widget__width-initial elementor-widget elementor-widget-image\" data-id=\"55ee2df\" data-element_type=\"widget\" data-e-type=\"widget\" data-widget_type=\"image.default\">\n\t\t\t\t\t\t\t\t\t\t\t\t\t\t\t<img fetchpriority=\"high\" decoding=\"async\" width=\"300\" height=\"260\" src=\"https:\/\/flor.org.ar\/wp-content\/uploads\/2026\/01\/programa-logo-1.png\" class=\"attachment-full size-full wp-image-508\" alt=\"\" \/>\t\t\t\t\t\t\t\t\t\t\t\t\t\t\t<\/div>\n\t\t\t\t<div class=\"elementor-element elementor-element-f71b835 elementor-widget elementor-widget-heading\" data-id=\"f71b835\" data-element_type=\"widget\" data-e-type=\"widget\" data-widget_type=\"heading.default\">\n\t\t\t\t\t<h2 class=\"elementor-heading-title elementor-size-default\">FLOR in Company<\/h2>\t\t\t\t<\/div>\n\t\t\t\t<\/div>\n\t\t<div class=\"elementor-element elementor-element-a0b5588 e-flex e-con-boxed wpr-particle-no wpr-jarallax-no wpr-parallax-no wpr-sticky-section-no e-con e-parent\" data-id=\"a0b5588\" data-element_type=\"container\" data-e-type=\"container\" data-settings=\"{&quot;_ha_eqh_enable&quot;:false}\">\n\t\t\t\t\t<div class=\"e-con-inner\">\n\t\t\t\t<div class=\"elementor-element elementor-element-66d0ae5 elementor-widget elementor-widget-heading\" data-id=\"66d0ae5\" data-element_type=\"widget\" data-e-type=\"widget\" data-widget_type=\"heading.default\">\n\t\t\t\t\t<h2 class=\"elementor-heading-title elementor-size-default\">In-Company Academic Team<\/h2>\t\t\t\t<\/div>\n\t\t\t\t\t<\/div>\n\t\t\t\t<\/div>\n\t\t<div class=\"elementor-element elementor-element-6b2548f e-con-full e-flex wpr-particle-no wpr-jarallax-no wpr-parallax-no wpr-sticky-section-no e-con e-parent\" data-id=\"6b2548f\" data-element_type=\"container\" data-e-type=\"container\" data-settings=\"{&quot;_ha_eqh_enable&quot;:false}\">\n\t\t<div class=\"elementor-element elementor-element-9db486e e-con-full e-flex wpr-particle-no wpr-jarallax-no wpr-parallax-no wpr-sticky-section-no e-con e-child\" data-id=\"9db486e\" data-element_type=\"container\" data-e-type=\"container\" data-settings=\"{&quot;_ha_eqh_enable&quot;:false}\">\n\t\t\t\t<div class=\"elementor-element elementor-element-ffc7e18 elementor-widget elementor-widget-text-editor\" data-id=\"ffc7e18\" data-element_type=\"widget\" data-e-type=\"widget\" data-widget_type=\"text-editor.default\">\n\t\t\t\t\t\t\t\t\t<p class=\"translation-block\">More and more <b>organizations are seeking to be sustainable, responsible, and diverse<\/b>. At <b>FLOR Foundation<\/b>, we offer <b>our support and expertise<\/b> to all institutions that require it. In each case, we carry out a <b>carefully designed and tailored intervention<\/b> that addresses specific needs.<br>Based on a <b>diagnosis<\/b> that assesses areas of interest and the structures to be transformed, we propose different <b>intervention formats<\/b>: conferences, process reviews, training programs, targeted support, tool development, committee development, coaching, mentoring, and sponsorship.<\/p>\n<ul>\n<li class=\"translation-block\">A team of <b>consultants<\/b> with experts in each field and a high level of professionalism.<\/li>\n<li class=\"translation-block\">A systemic approach that allows us to understand each organization in its <b>uniqueness<\/b> without losing sight of the social and cultural patterns of the <b>shared fabric<\/b>.<\/li>\n<\/ul>\t\t\t\t\t\t\t\t<\/div>\n\t\t\t\t<\/div>\n\t\t\t\t<\/div>\n\t\t<div class=\"elementor-element elementor-element-2e855ae e-flex e-con-boxed wpr-particle-no wpr-jarallax-no wpr-parallax-no wpr-sticky-section-no e-con e-parent\" data-id=\"2e855ae\" data-element_type=\"container\" data-e-type=\"container\" data-settings=\"{&quot;_ha_eqh_enable&quot;:false}\">\n\t\t\t\t\t<div class=\"e-con-inner\">\n\t\t\t\t<div class=\"elementor-element elementor-element-f4868a5 elementor-widget elementor-widget-heading\" data-id=\"f4868a5\" data-element_type=\"widget\" data-e-type=\"widget\" data-widget_type=\"heading.default\">\n\t\t\t\t\t<h2 class=\"elementor-heading-title elementor-size-default\">In-Company Focus Areas<\/h2>\t\t\t\t<\/div>\n\t\t<div class=\"elementor-element elementor-element-046455f e-con-full e-flex wpr-particle-no wpr-jarallax-no wpr-parallax-no wpr-sticky-section-no e-con e-child\" data-id=\"046455f\" data-element_type=\"container\" data-e-type=\"container\" data-settings=\"{&quot;_ha_eqh_enable&quot;:false}\">\n\t\t\t\t<div class=\"elementor-element elementor-element-764c6f6 elementor-view-stacked elementor-shape-circle elementor-position-block-start elementor-mobile-position-block-start elementor-widget elementor-widget-icon-box\" data-id=\"764c6f6\" data-element_type=\"widget\" data-e-type=\"widget\" data-widget_type=\"icon-box.default\">\n\t\t\t\t\t\t\t<div class=\"elementor-icon-box-wrapper\">\n\n\t\t\t\t\t\t<div class=\"elementor-icon-box-icon\">\n\t\t\t\t<span  class=\"elementor-icon\">\n\t\t\t\t<svg class=\"ekit-svg-icon icon-graduation-hat\" viewbox=\"0 0 32 32\" xmlns=\"http:\/\/www.w3.org\/2000\/svg\"><path d=\"M29.853 11.241l-14.4-4.8c-0.164-0.055-0.342-0.055-0.506 0l-14.4 4.8c-0.327 0.109-0.547 0.415-0.547 0.759s0.22 0.65 0.547 0.759l4.253 1.418v4.223c0 0.212 0.084 0.416 0.234 0.566 0.14 0.14 3.511 3.434 10.166 3.434 2.42 0 4.678-0.436 6.711-1.295 0.407-0.172 0.597-0.641 0.425-1.048s-0.641-0.597-1.048-0.425c-1.835 0.776-3.883 1.169-6.089 1.169-3.112 0-5.401-0.806-6.774-1.482-1.017-0.501-1.696-1.006-2.026-1.279v-3.33l8.547 2.849c0.082 0.027 0.168 0.041 0.253 0.041s0.171-0.014 0.253-0.041l8.547-2.849v1.428c-0.931 0.33-1.6 1.22-1.6 2.262 0 0.977 0.587 1.819 1.427 2.193l-1.403 5.613c-0.060 0.239-0.006 0.492 0.146 0.686s0.384 0.308 0.631 0.308h3.2c0.246 0 0.479-0.113 0.631-0.308s0.205-0.447 0.146-0.686l-1.403-5.613c0.84-0.374 1.427-1.216 1.427-2.193 0-1.043-0.669-1.932-1.6-2.262v-1.961l4.253-1.418c0.327-0.109 0.547-0.415 0.547-0.759s-0.22-0.65-0.547-0.759zM24.8 17.6c0.441 0 0.8 0.359 0.8 0.8s-0.359 0.8-0.8 0.8-0.8-0.359-0.8-0.8 0.359-0.8 0.8-0.8zM24.225 25.6l0.575-2.302 0.575 2.302h-1.151zM24.735 12.778l-9.404-1.567c-0.436-0.073-0.848 0.222-0.921 0.658s0.222 0.848 0.658 0.921l6.423 1.070-6.291 2.097-11.87-3.957 11.87-3.957 11.87 3.957-2.335 0.778z\"><\/path><\/svg>\t\t\t\t<\/span>\n\t\t\t<\/div>\n\t\t\t\n\t\t\t\t\t\t<div class=\"elementor-icon-box-content\">\n\n\t\t\t\t\t\t\t\t\t<h3 class=\"elementor-icon-box-title\">\n\t\t\t\t\t\t<span  >\n\t\t\t\t\t\t\tResponsible<br> Leadership\t\t\t\t\t\t<\/span>\n\t\t\t\t\t<\/h3>\n\t\t\t\t\n\t\t\t\t\n\t\t\t<\/div>\n\t\t\t\n\t\t<\/div>\n\t\t\t\t\t\t<\/div>\n\t\t\t\t<div class=\"elementor-element elementor-element-778321e elementor-view-stacked elementor-shape-circle elementor-position-block-start elementor-mobile-position-block-start elementor-widget elementor-widget-icon-box\" data-id=\"778321e\" data-element_type=\"widget\" data-e-type=\"widget\" data-widget_type=\"icon-box.default\">\n\t\t\t\t\t\t\t<div class=\"elementor-icon-box-wrapper\">\n\n\t\t\t\t\t\t<div class=\"elementor-icon-box-icon\">\n\t\t\t\t<span  class=\"elementor-icon\">\n\t\t\t\t<svg class=\"ekit-svg-icon icon-graduation-hat\" viewbox=\"0 0 32 32\" xmlns=\"http:\/\/www.w3.org\/2000\/svg\"><path d=\"M29.853 11.241l-14.4-4.8c-0.164-0.055-0.342-0.055-0.506 0l-14.4 4.8c-0.327 0.109-0.547 0.415-0.547 0.759s0.22 0.65 0.547 0.759l4.253 1.418v4.223c0 0.212 0.084 0.416 0.234 0.566 0.14 0.14 3.511 3.434 10.166 3.434 2.42 0 4.678-0.436 6.711-1.295 0.407-0.172 0.597-0.641 0.425-1.048s-0.641-0.597-1.048-0.425c-1.835 0.776-3.883 1.169-6.089 1.169-3.112 0-5.401-0.806-6.774-1.482-1.017-0.501-1.696-1.006-2.026-1.279v-3.33l8.547 2.849c0.082 0.027 0.168 0.041 0.253 0.041s0.171-0.014 0.253-0.041l8.547-2.849v1.428c-0.931 0.33-1.6 1.22-1.6 2.262 0 0.977 0.587 1.819 1.427 2.193l-1.403 5.613c-0.060 0.239-0.006 0.492 0.146 0.686s0.384 0.308 0.631 0.308h3.2c0.246 0 0.479-0.113 0.631-0.308s0.205-0.447 0.146-0.686l-1.403-5.613c0.84-0.374 1.427-1.216 1.427-2.193 0-1.043-0.669-1.932-1.6-2.262v-1.961l4.253-1.418c0.327-0.109 0.547-0.415 0.547-0.759s-0.22-0.65-0.547-0.759zM24.8 17.6c0.441 0 0.8 0.359 0.8 0.8s-0.359 0.8-0.8 0.8-0.8-0.359-0.8-0.8 0.359-0.8 0.8-0.8zM24.225 25.6l0.575-2.302 0.575 2.302h-1.151zM24.735 12.778l-9.404-1.567c-0.436-0.073-0.848 0.222-0.921 0.658s0.222 0.848 0.658 0.921l6.423 1.070-6.291 2.097-11.87-3.957 11.87-3.957 11.87 3.957-2.335 0.778z\"><\/path><\/svg>\t\t\t\t<\/span>\n\t\t\t<\/div>\n\t\t\t\n\t\t\t\t\t\t<div class=\"elementor-icon-box-content\">\n\n\t\t\t\t\t\t\t\t\t<h3 class=\"elementor-icon-box-title\">\n\t\t\t\t\t\t<span  >\n\t\t\t\t\t\t\tDiversity\t\t\t\t\t\t<\/span>\n\t\t\t\t\t<\/h3>\n\t\t\t\t\n\t\t\t\t\n\t\t\t<\/div>\n\t\t\t\n\t\t<\/div>\n\t\t\t\t\t\t<\/div>\n\t\t\t\t<div class=\"elementor-element elementor-element-c802c6b elementor-view-stacked elementor-shape-circle elementor-position-block-start elementor-mobile-position-block-start elementor-widget elementor-widget-icon-box\" data-id=\"c802c6b\" data-element_type=\"widget\" data-e-type=\"widget\" data-widget_type=\"icon-box.default\">\n\t\t\t\t\t\t\t<div class=\"elementor-icon-box-wrapper\">\n\n\t\t\t\t\t\t<div class=\"elementor-icon-box-icon\">\n\t\t\t\t<span  class=\"elementor-icon\">\n\t\t\t\t<svg class=\"ekit-svg-icon icon-graduation-hat\" viewbox=\"0 0 32 32\" xmlns=\"http:\/\/www.w3.org\/2000\/svg\"><path d=\"M29.853 11.241l-14.4-4.8c-0.164-0.055-0.342-0.055-0.506 0l-14.4 4.8c-0.327 0.109-0.547 0.415-0.547 0.759s0.22 0.65 0.547 0.759l4.253 1.418v4.223c0 0.212 0.084 0.416 0.234 0.566 0.14 0.14 3.511 3.434 10.166 3.434 2.42 0 4.678-0.436 6.711-1.295 0.407-0.172 0.597-0.641 0.425-1.048s-0.641-0.597-1.048-0.425c-1.835 0.776-3.883 1.169-6.089 1.169-3.112 0-5.401-0.806-6.774-1.482-1.017-0.501-1.696-1.006-2.026-1.279v-3.33l8.547 2.849c0.082 0.027 0.168 0.041 0.253 0.041s0.171-0.014 0.253-0.041l8.547-2.849v1.428c-0.931 0.33-1.6 1.22-1.6 2.262 0 0.977 0.587 1.819 1.427 2.193l-1.403 5.613c-0.060 0.239-0.006 0.492 0.146 0.686s0.384 0.308 0.631 0.308h3.2c0.246 0 0.479-0.113 0.631-0.308s0.205-0.447 0.146-0.686l-1.403-5.613c0.84-0.374 1.427-1.216 1.427-2.193 0-1.043-0.669-1.932-1.6-2.262v-1.961l4.253-1.418c0.327-0.109 0.547-0.415 0.547-0.759s-0.22-0.65-0.547-0.759zM24.8 17.6c0.441 0 0.8 0.359 0.8 0.8s-0.359 0.8-0.8 0.8-0.8-0.359-0.8-0.8 0.359-0.8 0.8-0.8zM24.225 25.6l0.575-2.302 0.575 2.302h-1.151zM24.735 12.778l-9.404-1.567c-0.436-0.073-0.848 0.222-0.921 0.658s0.222 0.848 0.658 0.921l6.423 1.070-6.291 2.097-11.87-3.957 11.87-3.957 11.87 3.957-2.335 0.778z\"><\/path><\/svg>\t\t\t\t<\/span>\n\t\t\t<\/div>\n\t\t\t\n\t\t\t\t\t\t<div class=\"elementor-icon-box-content\">\n\n\t\t\t\t\t\t\t\t\t<h3 class=\"elementor-icon-box-title\">\n\t\t\t\t\t\t<span  >\n\t\t\t\t\t\t\tFinancial Education <br>with a Gender <br>Perspective\t\t\t\t\t\t<\/span>\n\t\t\t\t\t<\/h3>\n\t\t\t\t\n\t\t\t\t\n\t\t\t<\/div>\n\t\t\t\n\t\t<\/div>\n\t\t\t\t\t\t<\/div>\n\t\t\t\t<\/div>\n\t\t\t\t\t<\/div>\n\t\t\t\t<\/div>\n\t\t<div class=\"elementor-element elementor-element-a3cfa3c e-flex e-con-boxed wpr-particle-no wpr-jarallax-no wpr-parallax-no wpr-sticky-section-no e-con e-parent\" data-id=\"a3cfa3c\" data-element_type=\"container\" data-e-type=\"container\" data-settings=\"{&quot;_ha_eqh_enable&quot;:false}\">\n\t\t\t\t\t<div class=\"e-con-inner\">\n\t\t\t\t<div class=\"elementor-element elementor-element-27e965a elementor-widget elementor-widget-heading\" data-id=\"27e965a\" data-element_type=\"widget\" data-e-type=\"widget\" data-widget_type=\"heading.default\">\n\t\t\t\t\t<h2 class=\"elementor-heading-title elementor-size-default\">Companies That Trusted FLOR\n<\/h2>\t\t\t\t<\/div>\n\t\t<div class=\"elementor-element elementor-element-0e1771a e-grid e-con-boxed wpr-particle-no wpr-jarallax-no wpr-parallax-no wpr-sticky-section-no e-con e-child\" data-id=\"0e1771a\" data-element_type=\"container\" data-e-type=\"container\" data-settings=\"{&quot;_ha_eqh_enable&quot;:false}\">\n\t\t\t\t\t<div class=\"e-con-inner\">\n\t\t\t\t<div class=\"elementor-element elementor-element-e3d23f6 elementor-widget elementor-widget-image\" data-id=\"e3d23f6\" data-element_type=\"widget\" data-e-type=\"widget\" data-widget_type=\"image.default\">\n\t\t\t\t\t\t\t\t\t\t\t\t\t\t\t<img decoding=\"async\" width=\"913\" height=\"241\" src=\"https:\/\/flor.org.ar\/wp-content\/uploads\/2026\/01\/grupoSanCristobal-1.webp\" class=\"attachment-large size-large wp-image-851\" alt=\"\" srcset=\"https:\/\/flor.org.ar\/wp-content\/uploads\/2026\/01\/grupoSanCristobal-1.webp 913w, https:\/\/flor.org.ar\/wp-content\/uploads\/2026\/01\/grupoSanCristobal-1-300x79.webp 300w, https:\/\/flor.org.ar\/wp-content\/uploads\/2026\/01\/grupoSanCristobal-1-768x203.webp 768w\" sizes=\"(max-width: 913px) 100vw, 913px\" \/>\t\t\t\t\t\t\t\t\t\t\t\t\t\t\t<\/div>\n\t\t\t\t<div class=\"elementor-element elementor-element-3eb4164 elementor-widget elementor-widget-image\" data-id=\"3eb4164\" data-element_type=\"widget\" data-e-type=\"widget\" data-widget_type=\"image.default\">\n\t\t\t\t\t\t\t\t\t\t\t\t\t\t\t<img decoding=\"async\" width=\"1024\" height=\"348\" src=\"https:\/\/flor.org.ar\/wp-content\/uploads\/2026\/01\/LOGO-POSADAS-1024x348.jpg\" class=\"attachment-large size-large wp-image-847\" alt=\"\" srcset=\"https:\/\/flor.org.ar\/wp-content\/uploads\/2026\/01\/LOGO-POSADAS-1024x348.jpg 1024w, https:\/\/flor.org.ar\/wp-content\/uploads\/2026\/01\/LOGO-POSADAS-300x102.jpg 300w, https:\/\/flor.org.ar\/wp-content\/uploads\/2026\/01\/LOGO-POSADAS-768x261.jpg 768w, https:\/\/flor.org.ar\/wp-content\/uploads\/2026\/01\/LOGO-POSADAS-1536x522.jpg 1536w, https:\/\/flor.org.ar\/wp-content\/uploads\/2026\/01\/LOGO-POSADAS.jpg 1783w\" sizes=\"(max-width: 1024px) 100vw, 1024px\" \/>\t\t\t\t\t\t\t\t\t\t\t\t\t\t\t<\/div>\n\t\t\t\t<div class=\"elementor-element elementor-element-d0ca44c elementor-widget elementor-widget-image\" data-id=\"d0ca44c\" data-element_type=\"widget\" data-e-type=\"widget\" data-widget_type=\"image.default\">\n\t\t\t\t\t\t\t\t\t\t\t\t\t\t\t<img loading=\"lazy\" decoding=\"async\" width=\"913\" height=\"241\" src=\"https:\/\/flor.org.ar\/wp-content\/uploads\/2026\/01\/sms-2.webp\" class=\"attachment-large size-large wp-image-848\" alt=\"\" srcset=\"https:\/\/flor.org.ar\/wp-content\/uploads\/2026\/01\/sms-2.webp 913w, https:\/\/flor.org.ar\/wp-content\/uploads\/2026\/01\/sms-2-300x79.webp 300w, https:\/\/flor.org.ar\/wp-content\/uploads\/2026\/01\/sms-2-768x203.webp 768w\" sizes=\"(max-width: 913px) 100vw, 913px\" \/>\t\t\t\t\t\t\t\t\t\t\t\t\t\t\t<\/div>\n\t\t\t\t<div class=\"elementor-element elementor-element-2f76ae4 elementor-widget elementor-widget-image\" data-id=\"2f76ae4\" data-element_type=\"widget\" data-e-type=\"widget\" data-widget_type=\"image.default\">\n\t\t\t\t\t\t\t\t\t\t\t\t\t\t\t<img loading=\"lazy\" decoding=\"async\" width=\"397\" height=\"163\" src=\"https:\/\/flor.org.ar\/wp-content\/uploads\/2026\/01\/biosidus-1.png\" class=\"attachment-large size-large wp-image-850\" alt=\"\" srcset=\"https:\/\/flor.org.ar\/wp-content\/uploads\/2026\/01\/biosidus-1.png 397w, https:\/\/flor.org.ar\/wp-content\/uploads\/2026\/01\/biosidus-1-300x123.png 300w\" sizes=\"(max-width: 397px) 100vw, 397px\" \/>\t\t\t\t\t\t\t\t\t\t\t\t\t\t\t<\/div>\n\t\t\t\t<div class=\"elementor-element elementor-element-028d87e elementor-widget elementor-widget-image\" data-id=\"028d87e\" data-element_type=\"widget\" data-e-type=\"widget\" data-widget_type=\"image.default\">\n\t\t\t\t\t\t\t\t\t\t\t\t\t\t\t<img loading=\"lazy\" decoding=\"async\" width=\"1000\" height=\"241\" src=\"https:\/\/flor.org.ar\/wp-content\/uploads\/2026\/01\/bruch-1.webp\" class=\"attachment-large size-large wp-image-849\" alt=\"\" srcset=\"https:\/\/flor.org.ar\/wp-content\/uploads\/2026\/01\/bruch-1.webp 1000w, https:\/\/flor.org.ar\/wp-content\/uploads\/2026\/01\/bruch-1-300x72.webp 300w, https:\/\/flor.org.ar\/wp-content\/uploads\/2026\/01\/bruch-1-768x185.webp 768w\" sizes=\"(max-width: 1000px) 100vw, 1000px\" \/>\t\t\t\t\t\t\t\t\t\t\t\t\t\t\t<\/div>\n\t\t\t\t\t<\/div>\n\t\t\t\t<\/div>\n\t\t\t\t\t<\/div>\n\t\t\t\t<\/div>\n\t\t<div class=\"elementor-element elementor-element-3f98559 e-con-full e-flex wpr-particle-no wpr-jarallax-no wpr-parallax-no wpr-sticky-section-no e-con e-parent\" data-id=\"3f98559\" data-element_type=\"container\" data-e-type=\"container\" data-settings=\"{&quot;_ha_eqh_enable&quot;:false}\">\n\t\t\t\t<div class=\"elementor-element elementor-element-d02fb2b elementor-widget elementor-widget-heading\" data-id=\"d02fb2b\" data-element_type=\"widget\" data-e-type=\"widget\" data-widget_type=\"heading.default\">\n\t\t\t\t\t<h2 class=\"elementor-heading-title elementor-size-default\">Get in touch<\/h2>\t\t\t\t<\/div>\n\t\t<div class=\"elementor-element elementor-element-0d6faf0 e-flex e-con-boxed wpr-particle-no wpr-jarallax-no wpr-parallax-no wpr-sticky-section-no e-con e-child\" data-id=\"0d6faf0\" data-element_type=\"container\" data-e-type=\"container\" data-settings=\"{&quot;_ha_eqh_enable&quot;:false}\">\n\t\t\t\t\t<div class=\"e-con-inner\">\n\t\t\t\t<div class=\"elementor-element elementor-element-d95a7d3 elementor-widget elementor-widget-button\" data-id=\"d95a7d3\" data-element_type=\"widget\" data-e-type=\"widget\" data-widget_type=\"button.default\">\n\t\t\t\t\t\t\t\t\t\t<a class=\"elementor-button elementor-button-link elementor-size-sm\" href=\"https:\/\/wa.me\/5491128873613\">\n\t\t\t\t\t\t<span class=\"elementor-button-content-wrapper\">\n\t\t\t\t\t\t<span class=\"elementor-button-icon\">\n\t\t\t\t<svg aria-hidden=\"true\" class=\"e-font-icon-svg e-fab-whatsapp\" viewbox=\"0 0 448 512\" xmlns=\"http:\/\/www.w3.org\/2000\/svg\"><path d=\"M380.9 97.1C339 55.1 283.2 32 223.9 32c-122.4 0-222 99.6-222 222 0 39.1 10.2 77.3 29.6 111L0 480l117.7-30.9c32.4 17.7 68.9 27 106.1 27h.1c122.3 0 224.1-99.6 224.1-222 0-59.3-25.2-115-67.1-157zm-157 341.6c-33.2 0-65.7-8.9-94-25.7l-6.7-4-69.8 18.3L72 359.2l-4.4-7c-18.5-29.4-28.2-63.3-28.2-98.2 0-101.7 82.8-184.5 184.6-184.5 49.3 0 95.6 19.2 130.4 54.1 34.8 34.9 56.2 81.2 56.1 130.5 0 101.8-84.9 184.6-186.6 184.6zm101.2-138.2c-5.5-2.8-32.8-16.2-37.9-18-5.1-1.9-8.8-2.8-12.5 2.8-3.7 5.6-14.3 18-17.6 21.8-3.2 3.7-6.5 4.2-12 1.4-32.6-16.3-54-29.1-75.5-66-5.7-9.8 5.7-9.1 16.3-30.3 1.8-3.7.9-6.9-.5-9.7-1.4-2.8-12.5-30.1-17.1-41.2-4.5-10.8-9.1-9.3-12.5-9.5-3.2-.2-6.9-.2-10.6-.2-3.7 0-9.7 1.4-14.8 6.9-5.1 5.6-19.4 19-19.4 46.3 0 27.3 19.9 53.7 22.6 57.4 2.8 3.7 39.1 59.7 94.8 83.8 35.2 15.2 49 16.5 66.6 13.9 10.7-1.6 32.8-13.4 37.4-26.4 4.6-13 4.6-24.1 3.2-26.4-1.3-2.5-5-3.9-10.5-6.6z\"><\/path><\/svg>\t\t\t<\/span>\n\t\t\t\t\t\t\t\t\t<span class=\"elementor-button-text\">WhatsApp<\/span>\n\t\t\t\t\t<\/span>\n\t\t\t\t\t<\/a>\n\t\t\t\t\t\t\t\t<\/div>\n\t\t\t\t<div class=\"elementor-element elementor-element-c57da3f elementor-widget elementor-widget-button\" data-id=\"c57da3f\" data-element_type=\"widget\" data-e-type=\"widget\" data-widget_type=\"button.default\">\n\t\t\t\t\t\t\t\t\t\t<a class=\"elementor-button elementor-button-link elementor-size-sm\" href=\"mailto:mattfundacionflor@gmail.com?subject=Consulta%20sobre%20programa%20FLOR\">\n\t\t\t\t\t\t<span class=\"elementor-button-content-wrapper\">\n\t\t\t\t\t\t<span class=\"elementor-button-icon\">\n\t\t\t\t<i aria-hidden=\"true\" class=\"huge huge-mail-01\"><\/i>\t\t\t<\/span>\n\t\t\t\t\t\t\t\t\t<span class=\"elementor-button-text\">Contact<\/span>\n\t\t\t\t\t<\/span>\n\t\t\t\t\t<\/a>\n\t\t\t\t\t\t\t\t<\/div>\n\t\t\t\t\t<\/div>\n\t\t\t\t<\/div>\n\t\t\t\t<\/div>\n\t\t\t\t<\/div>","protected":false},"excerpt":{"rendered":"<p>FLOR in Company Equipo acad\u00e9mico de In Company Cada vez son m\u00e1s las organizaciones que buscan ser sostenibles, sustentables y diversas. Desde Fundaci\u00f3n FLOR brindamos nuestra ayuda y expertise a todas aquellas instituciones que nos requieran. En cada caso llevamos adelante una intervenci\u00f3n pensada y diagramada especialmente, que se ajusta a necesidades espec\u00edficas.A partir de un diagn\u00f3stico que releva los temas de inter\u00e9s y las estructuras que se buscan modificar, se proponen distintas modalidades de intervenci\u00f3n: conferencias, revisi\u00f3n de procesos, capacitaciones, acompa\u00f1amientos espec\u00edficos, desarrollo de herramientas, desarrollo de comit\u00e9s, coaching, mentoreo y sponsorship. Equipo de consultores\/as con expertos\/as en cada tem\u00e1tica y alto nivel profesional. Abordaje sist\u00e9mico que nos permite entender a cada organizaci\u00f3n en su singularidad sin perder de vista los patrones sociales y culturales del entramado compartido. Ejes de trabajo In Company Liderazgo Responsable Diversidad Educaci\u00f3n financiera con perspectiva de g\u00e9nero Empresas que confiaron en FLOR Env\u00edanos tu consulta WhatsApp Contacto<\/p>","protected":false},"author":1,"featured_media":0,"parent":0,"menu_order":0,"comment_status":"closed","ping_status":"closed","template":"page-templates\/template-pagebuilder-full-width.php","meta":{"neve_meta_sidebar":"","neve_meta_container":"","neve_meta_enable_content_width":"","neve_meta_content_width":0,"neve_meta_title_alignment":"","neve_meta_author_avatar":"","neve_post_elements_order":"","neve_meta_disable_header":"","neve_meta_disable_footer":"","neve_meta_disable_title":"","footnotes":""},"class_list":["post-48","page","type-page","status-publish","hentry"],"_links":{"self":[{"href":"https:\/\/flor.org.ar\/en\/wp-json\/wp\/v2\/pages\/48","targetHints":{"allow":["GET"]}}],"collection":[{"href":"https:\/\/flor.org.ar\/en\/wp-json\/wp\/v2\/pages"}],"about":[{"href":"https:\/\/flor.org.ar\/en\/wp-json\/wp\/v2\/types\/page"}],"author":[{"embeddable":true,"href":"https:\/\/flor.org.ar\/en\/wp-json\/wp\/v2\/users\/1"}],"replies":[{"embeddable":true,"href":"https:\/\/flor.org.ar\/en\/wp-json\/wp\/v2\/comments?post=48"}],"version-history":[{"count":37,"href":"https:\/\/flor.org.ar\/en\/wp-json\/wp\/v2\/pages\/48\/revisions"}],"predecessor-version":[{"id":14924,"href":"https:\/\/flor.org.ar\/en\/wp-json\/wp\/v2\/pages\/48\/revisions\/14924"}],"wp:attachment":[{"href":"https:\/\/flor.org.ar\/en\/wp-json\/wp\/v2\/media?parent=48"}],"curies":[{"name":"wp","href":"https:\/\/api.w.org\/{rel}","templated":true}]}}