{"id":66,"date":"2026-01-07T23:22:54","date_gmt":"2026-01-07T23:22:54","guid":{"rendered":"https:\/\/flor.org.ar\/?page_id=66"},"modified":"2026-04-09T17:38:44","modified_gmt":"2026-04-09T17:38:44","slug":"inversion-en-innovacion","status":"publish","type":"page","link":"https:\/\/flor.org.ar\/en\/inversion-en-innovacion\/","title":{"rendered":"Innovation Investment"},"content":{"rendered":"<div data-elementor-type=\"wp-page\" data-elementor-id=\"66\" class=\"elementor elementor-66\" data-elementor-settings=\"{&quot;ha_cmc_init_switcher&quot;:&quot;no&quot;}\">\n\t\t\t\t<div class=\"elementor-element elementor-element-3d667d0 e-con-full e-flex wpr-particle-no wpr-jarallax-no wpr-parallax-no wpr-sticky-section-no e-con e-parent\" data-id=\"3d667d0\" data-element_type=\"container\" data-e-type=\"container\" data-settings=\"{&quot;_ha_eqh_enable&quot;:false}\">\n\t\t\t\t<div class=\"elementor-element elementor-element-4360672 elementor-widget__width-initial elementor-widget elementor-widget-image\" data-id=\"4360672\" data-element_type=\"widget\" data-e-type=\"widget\" data-widget_type=\"image.default\">\n\t\t\t\t\t\t\t\t\t\t\t\t\t\t\t<img fetchpriority=\"high\" decoding=\"async\" width=\"300\" height=\"260\" src=\"https:\/\/flor.org.ar\/wp-content\/uploads\/2026\/01\/programa-logo-2.png\" class=\"attachment-full size-full wp-image-509\" alt=\"\" \/>\t\t\t\t\t\t\t\t\t\t\t\t\t\t\t<\/div>\n\t\t\t\t<div class=\"elementor-element elementor-element-7db6e8f elementor-widget elementor-widget-heading\" data-id=\"7db6e8f\" data-element_type=\"widget\" data-e-type=\"widget\" data-widget_type=\"heading.default\">\n\t\t\t\t\t<h2 class=\"elementor-heading-title elementor-size-default\">Innovation Investment <\/h2>\t\t\t\t<\/div>\n\t\t\t\t<\/div>\n\t\t<div class=\"elementor-element elementor-element-c9ce4d1 e-flex e-con-boxed wpr-particle-no wpr-jarallax-no wpr-parallax-no wpr-sticky-section-no e-con e-parent\" data-id=\"c9ce4d1\" data-element_type=\"container\" data-e-type=\"container\" data-settings=\"{&quot;_ha_eqh_enable&quot;:false}\">\n\t\t\t\t\t<div class=\"e-con-inner\">\n\t\t\t\t<div class=\"elementor-element elementor-element-526eb98 elementor-widget elementor-widget-heading\" data-id=\"526eb98\" data-element_type=\"widget\" data-e-type=\"widget\" data-widget_type=\"heading.default\">\n\t\t\t\t\t<h2 class=\"elementor-heading-title elementor-size-default\">General Introduction<\/h2>\t\t\t\t<\/div>\n\t\t\t\t<div class=\"elementor-element elementor-element-520b457 elementor-widget elementor-widget-text-editor\" data-id=\"520b457\" data-element_type=\"widget\" data-e-type=\"widget\" data-widget_type=\"text-editor.default\">\n\t\t\t\t\t\t\t\t\t<p class=\"translation-block\">Investment in Innovation is a training program <b>aimed at women who seek to acquire criteria and tools to invest in startups<\/b>. Through an understanding of the <b>entrepreneurial ecosystem<\/b> and <b>venture capital<\/b>, the program seeks to expand women\u2019s participation in this type of investment and strengthen their role as <b>drivers of growth, innovation, and the development of new companies.<\/b><\/p>\t\t\t\t\t\t\t\t<\/div>\n\t\t\t\t<div class=\"elementor-element elementor-element-fb2937d elementor-widget elementor-widget-text-editor\" data-id=\"fb2937d\" data-element_type=\"widget\" data-e-type=\"widget\" data-widget_type=\"text-editor.default\">\n\t\t\t\t\t\t\t\t\t<p>The program is intended for:<\/p>\t\t\t\t\t\t\t\t<\/div>\n\t\t\t\t<div class=\"elementor-element elementor-element-6b5c1e8 elementor-widget elementor-widget-text-editor\" data-id=\"6b5c1e8\" data-element_type=\"widget\" data-e-type=\"widget\" data-widget_type=\"text-editor.default\">\n\t\t\t\t\t\t\t\t\t<ul><li>Women who have capital available to invest and want to learn how to do it in an informed way.<\/li><li>Women willing to train in higher-risk investments, understanding their return potential.<\/li><li>Women who have already made\u2014or considered making\u2014investments in startups and want to improve their criteria and decision-making.<\/li><li>Women who currently feel alone in making investment decisions and seek to be part of a community for exchange and learning.<\/li><li>Women interested in accessing real and accessible investment opportunities within the entrepreneurial ecosystem.<\/li><\/ul>\t\t\t\t\t\t\t\t<\/div>\n\t\t\t\t\t<\/div>\n\t\t\t\t<\/div>\n\t\t<div class=\"elementor-element elementor-element-b45148e e-flex e-con-boxed wpr-particle-no wpr-jarallax-no wpr-parallax-no wpr-sticky-section-no e-con e-parent\" data-id=\"b45148e\" data-element_type=\"container\" data-e-type=\"container\" data-settings=\"{&quot;background_background&quot;:&quot;classic&quot;,&quot;_ha_eqh_enable&quot;:false}\">\n\t\t\t\t\t<div class=\"e-con-inner\">\n\t\t\t\t<div class=\"elementor-element elementor-element-b35bc31 elementor-widget elementor-widget-heading\" data-id=\"b35bc31\" data-element_type=\"widget\" data-e-type=\"widget\" data-widget_type=\"heading.default\">\n\t\t\t\t\t<h2 class=\"elementor-heading-title elementor-size-default\">Syllabus<\/h2>\t\t\t\t<\/div>\n\t\t\t\t<div class=\"elementor-element elementor-element-6ed96a2 elementor-widget elementor-widget-text-editor\" data-id=\"6ed96a2\" data-element_type=\"widget\" data-e-type=\"widget\" data-widget_type=\"text-editor.default\">\n\t\t\t\t\t\t\t\t\t<p><b>1 &#8211;<\/b> Entrepreneurial Ecosystem<\/p>\t\t\t\t\t\t\t\t<\/div>\n\t\t\t\t<div class=\"elementor-element elementor-element-07984ea elementor-widget elementor-widget-text-editor\" data-id=\"07984ea\" data-element_type=\"widget\" data-e-type=\"widget\" data-widget_type=\"text-editor.default\">\n\t\t\t\t\t\t\t\t\t<p><b>2 &#8211;<\/b> Startups<\/p>\t\t\t\t\t\t\t\t<\/div>\n\t\t\t\t<div class=\"elementor-element elementor-element-d24d7f8 elementor-widget elementor-widget-text-editor\" data-id=\"d24d7f8\" data-element_type=\"widget\" data-e-type=\"widget\" data-widget_type=\"text-editor.default\">\n\t\t\t\t\t\t\t\t\t<p><b>3 &#8211;<\/b> Investor Role and Structures<\/p>\t\t\t\t\t\t\t\t<\/div>\n\t\t\t\t<div class=\"elementor-element elementor-element-ac25f8b elementor-widget elementor-widget-text-editor\" data-id=\"ac25f8b\" data-element_type=\"widget\" data-e-type=\"widget\" data-widget_type=\"text-editor.default\">\n\t\t\t\t\t\t\t\t\t<p><b>Asset Classes II<\/b> egal and Tax Issues<\/p>\t\t\t\t\t\t\t\t<\/div>\n\t\t\t\t<div class=\"elementor-element elementor-element-01b1e6a elementor-widget elementor-widget-text-editor\" data-id=\"01b1e6a\" data-element_type=\"widget\" data-e-type=\"widget\" data-widget_type=\"text-editor.default\">\n\t\t\t\t\t\t\t\t\t<p><b>5 &#8211;<\/b> Opportunity Evaluation Process<\/p>\t\t\t\t\t\t\t\t<\/div>\n\t\t\t\t<div class=\"elementor-element elementor-element-0f0bc08 elementor-widget elementor-widget-text-editor\" data-id=\"0f0bc08\" data-element_type=\"widget\" data-e-type=\"widget\" data-widget_type=\"text-editor.default\">\n\t\t\t\t\t\t\t\t\t<p><b>6 &#8211;<\/b> Investment Opportunity \u2013 Demo Day<\/p>\t\t\t\t\t\t\t\t<\/div>\n\t\t\t\t<div class=\"elementor-element elementor-element-d5e5622 elementor-widget elementor-widget-text-editor\" data-id=\"d5e5622\" data-element_type=\"widget\" data-e-type=\"widget\" data-widget_type=\"text-editor.default\">\n\t\t\t\t\t\t\t\t\t<p><b>7 &#8211;<\/b> Networking<\/p>\t\t\t\t\t\t\t\t<\/div>\n\t\t\t\t<div class=\"elementor-element elementor-element-1fa58a0 elementor-widget elementor-widget-heading\" data-id=\"1fa58a0\" data-element_type=\"widget\" data-e-type=\"widget\" data-widget_type=\"heading.default\">\n\t\t\t\t\t<h2 class=\"elementor-heading-title elementor-size-default\">Key Themes<\/h2>\t\t\t\t<\/div>\n\t\t\t\t<div class=\"elementor-element elementor-element-5369426 info-texto elementor-widget elementor-widget-text-editor\" data-id=\"5369426\" data-element_type=\"widget\" data-e-type=\"widget\" data-widget_type=\"text-editor.default\">\n\t\t\t\t\t\t\t\t\t<ul><li>Understand the tech entrepreneurial ecosystem.<\/li><li>Access concrete investment and networking opportunities.<\/li><li>Learn how to choose and start investing in startups.<\/li><li>Build a valuable community of active women investors.<\/li><\/ul>\t\t\t\t\t\t\t\t<\/div>\n\t\t\t\t\t<\/div>\n\t\t\t\t<\/div>\n\t\t<div class=\"elementor-element elementor-element-c7eeed1 e-flex e-con-boxed wpr-particle-no wpr-jarallax-no wpr-parallax-no wpr-sticky-section-no e-con e-parent\" data-id=\"c7eeed1\" data-element_type=\"container\" data-e-type=\"container\" data-settings=\"{&quot;_ha_eqh_enable&quot;:false}\">\n\t\t\t\t\t<div class=\"e-con-inner\">\n\t\t\t\t<div class=\"elementor-element elementor-element-71b03ae elementor-widget elementor-widget-heading\" data-id=\"71b03ae\" data-element_type=\"widget\" data-e-type=\"widget\" data-widget_type=\"heading.default\">\n\t\t\t\t\t<h2 class=\"elementor-heading-title elementor-size-default\">Faculty Team <\/h2>\t\t\t\t<\/div>\n\t\t\t\t<div class=\"elementor-element elementor-element-71f096a elementor-widget elementor-widget-text-editor\" data-id=\"71f096a\" data-element_type=\"widget\" data-e-type=\"widget\" data-widget_type=\"text-editor.default\">\n\t\t\t\t\t\t\t\t\t<ul><li>Silvia Torres Carbonell &#8211; <i><span style=\"font-weight: 400;\">Director and Professor<\/span><\/i><i><span style=\"font-weight: 400;\"><br \/><\/span><\/i><i><span style=\"font-weight: 400;\">Entrepreneurship Center, IAE Business School<\/span><\/i><\/li><li>Karin Teneboim &#8211; <i><span style=\"font-weight: 400;\">Principal Latam Practical Venture Capital<\/span><\/i><\/li><li>Clorinda M\u00e1ntara &#8211;<i style=\"font-weight: 400;\"> Founder &amp; GP Alina Venture Capital<br \/><\/i><\/li><li>Luciana Ercoli &#8211; <i><span style=\"font-weight: 400;\">CEO at Awen Board Services and Specialist in Corporate Finance and Strategy<\/span><\/i><\/li><li>Javier Cuesta &#8211; <i><span style=\"font-weight: 400;\">Operating Partner | KOI Ventures<\/span><\/i><\/li><li>Milagros Guti\u00e9rrez &#8211; <i><span style=\"font-weight: 400;\">Koi Ventures CEO &amp; Co-Founder<\/span><\/i><\/li><li>Eugenia Di Marco &#8211; <i><span style=\"font-weight: 400;\">Founder | Sisu Powerhouse<\/span><\/i><\/li><li>Mar\u00eda Shakespear &#8211; <i><span style=\"font-weight: 400;\">Partner at Beccar Varela, M&amp;A &amp; Fintech<\/span><\/i><\/li><li>Sabrina Apter &#8211; <i><span style=\"font-weight: 400;\">Head of Expansion Services at CFOSTARTUP<\/span><\/i><\/li><li>Mar\u00eda Pedrosa &#8211; <i><span style=\"font-weight: 400;\">Angel Investor, Chief Impact Officer | CUX<\/span><\/i><\/li><li>Felipe Videla &#8211; <i><span style=\"font-weight: 400;\">Partner at Beccar Varela<\/span><\/i><\/li><\/ul>\t\t\t\t\t\t\t\t<\/div>\n\t\t\t\t\t<\/div>\n\t\t\t\t<\/div>\n\t\t<div class=\"elementor-element elementor-element-b0d3f7d e-flex e-con-boxed wpr-particle-no wpr-jarallax-no wpr-parallax-no wpr-sticky-section-no e-con e-parent\" data-id=\"b0d3f7d\" data-element_type=\"container\" data-e-type=\"container\" data-settings=\"{&quot;_ha_eqh_enable&quot;:false}\">\n\t\t\t\t\t<div class=\"e-con-inner\">\n\t\t\t\t<div class=\"elementor-element elementor-element-45a7d3c elementor-widget elementor-widget-heading\" data-id=\"45a7d3c\" data-element_type=\"widget\" data-e-type=\"widget\" data-widget_type=\"heading.default\">\n\t\t\t\t\t<h2 class=\"elementor-heading-title elementor-size-default\">Organized by:<\/h2>\t\t\t\t<\/div>\n\t\t\t\t\t<\/div>\n\t\t\t\t<\/div>\n\t\t<div class=\"elementor-element elementor-element-3d8a2bf e-con-full e-flex wpr-particle-no wpr-jarallax-no wpr-parallax-no wpr-sticky-section-no e-con e-parent\" data-id=\"3d8a2bf\" data-element_type=\"container\" data-e-type=\"container\" data-settings=\"{&quot;_ha_eqh_enable&quot;:false}\">\n\t\t<div class=\"elementor-element elementor-element-abc87e4 e-con-full e-flex wpr-particle-no wpr-jarallax-no wpr-parallax-no wpr-sticky-section-no e-con e-child\" data-id=\"abc87e4\" data-element_type=\"container\" data-e-type=\"container\" data-settings=\"{&quot;_ha_eqh_enable&quot;:false}\">\n\t\t\t\t<div class=\"elementor-element elementor-element-bdab1ef elementor-widget elementor-widget-image\" data-id=\"bdab1ef\" data-element_type=\"widget\" data-e-type=\"widget\" data-widget_type=\"image.default\">\n\t\t\t\t\t\t\t\t\t\t\t\t\t\t\t<img decoding=\"async\" width=\"2151\" height=\"468\" src=\"https:\/\/flor.org.ar\/wp-content\/uploads\/2026\/01\/logo-violeta.png\" class=\"attachment-full size-full wp-image-206\" alt=\"\" srcset=\"https:\/\/flor.org.ar\/wp-content\/uploads\/2026\/01\/logo-violeta.png 2151w, https:\/\/flor.org.ar\/wp-content\/uploads\/2026\/01\/logo-violeta-300x65.png 300w, https:\/\/flor.org.ar\/wp-content\/uploads\/2026\/01\/logo-violeta-1024x223.png 1024w, https:\/\/flor.org.ar\/wp-content\/uploads\/2026\/01\/logo-violeta-768x167.png 768w, https:\/\/flor.org.ar\/wp-content\/uploads\/2026\/01\/logo-violeta-1536x334.png 1536w, https:\/\/flor.org.ar\/wp-content\/uploads\/2026\/01\/logo-violeta-2048x446.png 2048w\" sizes=\"(max-width: 2151px) 100vw, 2151px\" \/>\t\t\t\t\t\t\t\t\t\t\t\t\t\t\t<\/div>\n\t\t\t\t<\/div>\n\t\t<div class=\"elementor-element elementor-element-26103eb e-con-full e-flex wpr-particle-no wpr-jarallax-no wpr-parallax-no wpr-sticky-section-no e-con e-child\" data-id=\"26103eb\" data-element_type=\"container\" data-e-type=\"container\" data-settings=\"{&quot;_ha_eqh_enable&quot;:false}\">\n\t\t\t\t<div class=\"elementor-element elementor-element-68d4840 elementor-widget elementor-widget-image\" data-id=\"68d4840\" data-element_type=\"widget\" data-e-type=\"widget\" data-widget_type=\"image.default\">\n\t\t\t\t\t\t\t\t\t\t\t\t\t\t\t<img decoding=\"async\" width=\"800\" height=\"207\" src=\"https:\/\/flor.org.ar\/wp-content\/uploads\/2026\/02\/koi-logo.png\" class=\"attachment-full size-full wp-image-995\" alt=\"\" srcset=\"https:\/\/flor.org.ar\/wp-content\/uploads\/2026\/02\/koi-logo.png 800w, https:\/\/flor.org.ar\/wp-content\/uploads\/2026\/02\/koi-logo-300x78.png 300w, https:\/\/flor.org.ar\/wp-content\/uploads\/2026\/02\/koi-logo-768x199.png 768w\" sizes=\"(max-width: 800px) 100vw, 800px\" \/>\t\t\t\t\t\t\t\t\t\t\t\t\t\t\t<\/div>\n\t\t\t\t<\/div>\n\t\t\t\t<\/div>\n\t\t<div class=\"elementor-element elementor-element-03fddcc e-con-full e-flex wpr-particle-no wpr-jarallax-no wpr-parallax-no wpr-sticky-section-no e-con e-parent\" data-id=\"03fddcc\" data-element_type=\"container\" data-e-type=\"container\" data-settings=\"{&quot;_ha_eqh_enable&quot;:false}\">\n\t\t\t\t<div class=\"elementor-element elementor-element-3145caa elementor-widget elementor-widget-heading\" data-id=\"3145caa\" data-element_type=\"widget\" data-e-type=\"widget\" data-widget_type=\"heading.default\">\n\t\t\t\t\t<h2 class=\"elementor-heading-title elementor-size-default\">Get in touch<\/h2>\t\t\t\t<\/div>\n\t\t<div class=\"elementor-element elementor-element-6f56e58 e-flex e-con-boxed wpr-particle-no wpr-jarallax-no wpr-parallax-no wpr-sticky-section-no e-con e-child\" data-id=\"6f56e58\" data-element_type=\"container\" data-e-type=\"container\" data-settings=\"{&quot;_ha_eqh_enable&quot;:false}\">\n\t\t\t\t\t<div class=\"e-con-inner\">\n\t\t\t\t<div class=\"elementor-element elementor-element-bf8024f elementor-widget elementor-widget-button\" data-id=\"bf8024f\" data-element_type=\"widget\" data-e-type=\"widget\" data-widget_type=\"button.default\">\n\t\t\t\t\t\t\t\t\t\t<a class=\"elementor-button elementor-button-link elementor-size-sm\" href=\"https:\/\/wa.me\/5491144721581\">\n\t\t\t\t\t\t<span class=\"elementor-button-content-wrapper\">\n\t\t\t\t\t\t<span class=\"elementor-button-icon\">\n\t\t\t\t<svg aria-hidden=\"true\" class=\"e-font-icon-svg e-fab-whatsapp\" viewbox=\"0 0 448 512\" xmlns=\"http:\/\/www.w3.org\/2000\/svg\"><path d=\"M380.9 97.1C339 55.1 283.2 32 223.9 32c-122.4 0-222 99.6-222 222 0 39.1 10.2 77.3 29.6 111L0 480l117.7-30.9c32.4 17.7 68.9 27 106.1 27h.1c122.3 0 224.1-99.6 224.1-222 0-59.3-25.2-115-67.1-157zm-157 341.6c-33.2 0-65.7-8.9-94-25.7l-6.7-4-69.8 18.3L72 359.2l-4.4-7c-18.5-29.4-28.2-63.3-28.2-98.2 0-101.7 82.8-184.5 184.6-184.5 49.3 0 95.6 19.2 130.4 54.1 34.8 34.9 56.2 81.2 56.1 130.5 0 101.8-84.9 184.6-186.6 184.6zm101.2-138.2c-5.5-2.8-32.8-16.2-37.9-18-5.1-1.9-8.8-2.8-12.5 2.8-3.7 5.6-14.3 18-17.6 21.8-3.2 3.7-6.5 4.2-12 1.4-32.6-16.3-54-29.1-75.5-66-5.7-9.8 5.7-9.1 16.3-30.3 1.8-3.7.9-6.9-.5-9.7-1.4-2.8-12.5-30.1-17.1-41.2-4.5-10.8-9.1-9.3-12.5-9.5-3.2-.2-6.9-.2-10.6-.2-3.7 0-9.7 1.4-14.8 6.9-5.1 5.6-19.4 19-19.4 46.3 0 27.3 19.9 53.7 22.6 57.4 2.8 3.7 39.1 59.7 94.8 83.8 35.2 15.2 49 16.5 66.6 13.9 10.7-1.6 32.8-13.4 37.4-26.4 4.6-13 4.6-24.1 3.2-26.4-1.3-2.5-5-3.9-10.5-6.6z\"><\/path><\/svg>\t\t\t<\/span>\n\t\t\t\t\t\t\t\t\t<span class=\"elementor-button-text\">WhatsApp<\/span>\n\t\t\t\t\t<\/span>\n\t\t\t\t\t<\/a>\n\t\t\t\t\t\t\t\t<\/div>\n\t\t\t\t<div class=\"elementor-element elementor-element-77e18fb elementor-widget elementor-widget-button\" data-id=\"77e18fb\" data-element_type=\"widget\" data-e-type=\"widget\" data-widget_type=\"button.default\">\n\t\t\t\t\t\t\t\t\t\t<a class=\"elementor-button elementor-button-link elementor-size-sm\" href=\"mailto:fundacionflor21@gmail.com?subject=Consulta%20sobre%20programa%20FLOR\">\n\t\t\t\t\t\t<span class=\"elementor-button-content-wrapper\">\n\t\t\t\t\t\t<span class=\"elementor-button-icon\">\n\t\t\t\t<i aria-hidden=\"true\" class=\"huge huge-mail-01\"><\/i>\t\t\t<\/span>\n\t\t\t\t\t\t\t\t\t<span class=\"elementor-button-text\">Contact<\/span>\n\t\t\t\t\t<\/span>\n\t\t\t\t\t<\/a>\n\t\t\t\t\t\t\t\t<\/div>\n\t\t\t\t\t<\/div>\n\t\t\t\t<\/div>\n\t\t\t\t<\/div>\n\t\t\t\t<\/div>","protected":false},"excerpt":{"rendered":"<p>Inversi\u00f3n en Innovaci\u00f3n Introducci\u00f3n general Inversi\u00f3n en Innovaci\u00f3n es un programa de formaci\u00f3n orientado a mujeres que buscan incorporar criterios y herramientas para invertir en startups. A partir del conocimiento del ecosistema emprendedor y del capital de riesgo, el programa propone ampliar la participaci\u00f3n femenina en este tipo de inversiones y potenciar su rol como impulsoras del crecimiento, la innovaci\u00f3n y el desarrollo de nuevas empresas. El programa est\u00e1 destinado a: Mujeres que cuentan con capital disponible para invertir y buscan aprender c\u00f3mo hacerlo de manera informada. Mujeres dispuestas a formarse en inversiones de mayor riesgo, entendiendo su potencial de retorno. Mujeres que ya realizaron \u2014o evaluaron realizar\u2014 inversiones en startups y quieren mejorar sus criterios y decisiones. Mujeres que hoy se sienten solas en la toma de decisiones de inversi\u00f3n y buscan ser parte de una comunidad de intercambio y aprendizaje. Mujeres interesadas en acceder a oportunidades de inversi\u00f3n reales y accesibles dentro del ecosistema emprendedor. Temario 1 &#8211; Ecosistema emprendedor 2 &#8211; Startups 3 &#8211; Rol del inversor y estructuras 4 &#8211; Las cuestiones legales e impositivas 5 &#8211; El proceso de evaluaci\u00f3n de la oportunidad 6 &#8211; Oportunidad de Inversi\u00f3n &#8211; Demo Day 7 &#8211; Networking Ejes tem\u00e1ticos Conocer y entender el ecosistema emprendedor tech. Oportunidades concretas de inversi\u00f3n y networking. Aprender c\u00f3mo elegir y empezar a invertir en startups. Generar una comunidad valiosa de inversoras mujeres activas. Equipo docente Silvia Torres Carbonell &#8211; Venture Partner Alina VC I Directora y ProfesoraCentro de Entrepreneurship IAE Business School Karin Teneboim &#8211; Principal Latam Practical Venture Capital Clorinda M\u00e1ntara &#8211; Founder &amp; GP Alina Venture Capital Luciana Ercoli &#8211; CEO en Awen Board Services y Especialista en Finanzas Corporativas y Estrategia Javier Cuesta &#8211; Operating Partner | KOI Ventures Milagros Guti\u00e9rrez &#8211; CEO y Co-Founder Koi Ventures Eugenia Di Marco &#8211; Founder | Sisu Powerhouse Mar\u00eda Shakespear &#8211; Partner at Beccar Varela, M&amp;A y Fintech Sabrina Apter &#8211; Head of Expansion Services at CFOSTARTUP Mar\u00eda Pedrosa &#8211; Angel Investor, Chief Impact Officer | CUX Felipe Videla &#8211; Partner at Beccar Varela Organizan Env\u00edanos tu consulta WhatsApp Contacto<\/p>","protected":false},"author":1,"featured_media":0,"parent":0,"menu_order":0,"comment_status":"closed","ping_status":"closed","template":"page-templates\/template-pagebuilder-full-width.php","meta":{"neve_meta_sidebar":"","neve_meta_container":"","neve_meta_enable_content_width":"","neve_meta_content_width":0,"neve_meta_title_alignment":"","neve_meta_author_avatar":"","neve_post_elements_order":"","neve_meta_disable_header":"","neve_meta_disable_footer":"","neve_meta_disable_title":"","footnotes":""},"class_list":["post-66","page","type-page","status-publish","hentry"],"_links":{"self":[{"href":"https:\/\/flor.org.ar\/en\/wp-json\/wp\/v2\/pages\/66","targetHints":{"allow":["GET"]}}],"collection":[{"href":"https:\/\/flor.org.ar\/en\/wp-json\/wp\/v2\/pages"}],"about":[{"href":"https:\/\/flor.org.ar\/en\/wp-json\/wp\/v2\/types\/page"}],"author":[{"embeddable":true,"href":"https:\/\/flor.org.ar\/en\/wp-json\/wp\/v2\/users\/1"}],"replies":[{"embeddable":true,"href":"https:\/\/flor.org.ar\/en\/wp-json\/wp\/v2\/comments?post=66"}],"version-history":[{"count":40,"href":"https:\/\/flor.org.ar\/en\/wp-json\/wp\/v2\/pages\/66\/revisions"}],"predecessor-version":[{"id":14989,"href":"https:\/\/flor.org.ar\/en\/wp-json\/wp\/v2\/pages\/66\/revisions\/14989"}],"wp:attachment":[{"href":"https:\/\/flor.org.ar\/en\/wp-json\/wp\/v2\/media?parent=66"}],"curies":[{"name":"wp","href":"https:\/\/api.w.org\/{rel}","templated":true}]}}