{"id":69,"date":"2026-01-07T23:23:11","date_gmt":"2026-01-07T23:23:11","guid":{"rendered":"https:\/\/flor.org.ar\/?page_id=69"},"modified":"2026-03-31T17:15:33","modified_gmt":"2026-03-31T17:15:33","slug":"mujeres-que-invierten","status":"publish","type":"page","link":"https:\/\/flor.org.ar\/en\/mujeres-que-invierten\/","title":{"rendered":"Women Who Invest"},"content":{"rendered":"<div data-elementor-type=\"wp-page\" data-elementor-id=\"69\" class=\"elementor elementor-69\" data-elementor-settings=\"{&quot;ha_cmc_init_switcher&quot;:&quot;no&quot;}\">\n\t\t\t\t<div class=\"elementor-element elementor-element-7508afc e-con-full e-flex wpr-particle-no wpr-jarallax-no wpr-parallax-no wpr-sticky-section-no e-con e-parent\" data-id=\"7508afc\" data-element_type=\"container\" data-e-type=\"container\" data-settings=\"{&quot;_ha_eqh_enable&quot;:false}\">\n\t\t\t\t<div class=\"elementor-element elementor-element-6fd401b elementor-widget__width-initial elementor-widget elementor-widget-image\" data-id=\"6fd401b\" data-element_type=\"widget\" data-e-type=\"widget\" data-widget_type=\"image.default\">\n\t\t\t\t\t\t\t\t\t\t\t\t\t\t\t<img fetchpriority=\"high\" decoding=\"async\" width=\"300\" height=\"260\" src=\"https:\/\/flor.org.ar\/wp-content\/uploads\/2026\/01\/programa-logo-3.png\" class=\"attachment-full size-full wp-image-501\" alt=\"\" \/>\t\t\t\t\t\t\t\t\t\t\t\t\t\t\t<\/div>\n\t\t\t\t<div class=\"elementor-element elementor-element-fb636bf elementor-widget elementor-widget-heading\" data-id=\"fb636bf\" data-element_type=\"widget\" data-e-type=\"widget\" data-widget_type=\"heading.default\">\n\t\t\t\t\t<h2 class=\"elementor-heading-title elementor-size-default\">Women Who Invest<\/h2>\t\t\t\t<\/div>\n\t\t\t\t<\/div>\n\t\t<div class=\"elementor-element elementor-element-42e851f e-flex e-con-boxed wpr-particle-no wpr-jarallax-no wpr-parallax-no wpr-sticky-section-no e-con e-parent\" data-id=\"42e851f\" data-element_type=\"container\" data-e-type=\"container\" data-settings=\"{&quot;_ha_eqh_enable&quot;:false}\">\n\t\t\t\t\t<div class=\"e-con-inner\">\n\t\t\t\t<div class=\"elementor-element elementor-element-ad7ac49 elementor-widget elementor-widget-heading\" data-id=\"ad7ac49\" data-element_type=\"widget\" data-e-type=\"widget\" data-widget_type=\"heading.default\">\n\t\t\t\t\t<h2 class=\"elementor-heading-title elementor-size-default\">Take control of your financial investments.<\/h2>\t\t\t\t<\/div>\n\t\t\t\t<div class=\"elementor-element elementor-element-e1c1bec elementor-widget elementor-widget-text-editor\" data-id=\"e1c1bec\" data-element_type=\"widget\" data-e-type=\"widget\" data-widget_type=\"text-editor.default\">\n\t\t\t\t\t\t\t\t\t<p class=\"translation-block\">Women Who Invest is a program by <b>FLOR Foundation<\/b> designed to <b>bring more women into the world of investing<\/b>, providing practical tools to <b>understand, analyze, and make financial decisions with greater confidence and autonomy<\/b>. Through a <b>hands-on approach<\/b>, the program aims to <b>strengthen financial knowledge<\/b>, break down historical barriers, and promote active and strategic participation of women in the field of finance and investment.<\/p>\t\t\t\t\t\t\t\t<\/div>\n\t\t\t\t<div class=\"elementor-element elementor-element-7e7a385 elementor-widget elementor-widget-text-editor\" data-id=\"7e7a385\" data-element_type=\"widget\" data-e-type=\"widget\" data-widget_type=\"text-editor.default\">\n\t\t\t\t\t\t\t\t\t<p>Program Objectives<\/p>\t\t\t\t\t\t\t\t<\/div>\n\t\t\t\t<div class=\"elementor-element elementor-element-886c182 elementor-widget elementor-widget-text-editor\" data-id=\"886c182\" data-element_type=\"widget\" data-e-type=\"widget\" data-widget_type=\"text-editor.default\">\n\t\t\t\t\t\t\t\t\t<ul><li>Provide a solid understanding of financial principles and the time value of money.<\/li><li>Offer knowledge about how capital markets operate.<\/li><li>Help design investment strategies aligned with risk profiles and objectives.<\/li><li>Facilitate the interpretation of financial information for investment purposes.<\/li><\/ul>\t\t\t\t\t\t\t\t<\/div>\n\t\t\t\t\t<\/div>\n\t\t\t\t<\/div>\n\t\t<div class=\"elementor-element elementor-element-cc17bcb e-flex e-con-boxed wpr-particle-no wpr-jarallax-no wpr-parallax-no wpr-sticky-section-no e-con e-parent\" data-id=\"cc17bcb\" data-element_type=\"container\" data-e-type=\"container\" data-settings=\"{&quot;background_background&quot;:&quot;classic&quot;,&quot;_ha_eqh_enable&quot;:false}\">\n\t\t\t\t\t<div class=\"e-con-inner\">\n\t\t\t\t<div class=\"elementor-element elementor-element-6623afb elementor-widget elementor-widget-heading\" data-id=\"6623afb\" data-element_type=\"widget\" data-e-type=\"widget\" data-widget_type=\"heading.default\">\n\t\t\t\t\t<h2 class=\"elementor-heading-title elementor-size-default\">Syllabus<\/h2>\t\t\t\t<\/div>\n\t\t\t\t<div class=\"elementor-element elementor-element-0830e6d elementor-widget elementor-widget-text-editor\" data-id=\"0830e6d\" data-element_type=\"widget\" data-e-type=\"widget\" data-widget_type=\"text-editor.default\">\n\t\t\t\t\t\t\t\t\t<p><b>1 &#8211;<\/b> Women, Money, and Investments<\/p>\t\t\t\t\t\t\t\t<\/div>\n\t\t\t\t<div class=\"elementor-element elementor-element-5a41cdf elementor-widget elementor-widget-text-editor\" data-id=\"5a41cdf\" data-element_type=\"widget\" data-e-type=\"widget\" data-widget_type=\"text-editor.default\">\n\t\t\t\t\t\t\t\t\t<p><b>2 &#8211;<\/b> Introduction to Capital Markets<\/p>\t\t\t\t\t\t\t\t<\/div>\n\t\t\t\t<div class=\"elementor-element elementor-element-10bf1c0 elementor-widget elementor-widget-text-editor\" data-id=\"10bf1c0\" data-element_type=\"widget\" data-e-type=\"widget\" data-widget_type=\"text-editor.default\">\n\t\t\t\t\t\t\t\t\t<p><b>3 &#8211;<\/b> Asset Classes I<\/p>\t\t\t\t\t\t\t\t<\/div>\n\t\t\t\t<div class=\"elementor-element elementor-element-0aecff6 elementor-widget elementor-widget-text-editor\" data-id=\"0aecff6\" data-element_type=\"widget\" data-e-type=\"widget\" data-widget_type=\"text-editor.default\">\n\t\t\t\t\t\t\t\t\t<p class=\"translation-block\"><b>4 \u2013<\/b> Asset Classes II<\/p>\t\t\t\t\t\t\t\t<\/div>\n\t\t\t\t<div class=\"elementor-element elementor-element-41d6633 elementor-widget elementor-widget-text-editor\" data-id=\"41d6633\" data-element_type=\"widget\" data-e-type=\"widget\" data-widget_type=\"text-editor.default\">\n\t\t\t\t\t\t\t\t\t<p><b>5 &#8211;<\/b> Getting Started with Investing<\/p>\t\t\t\t\t\t\t\t<\/div>\n\t\t\t\t<div class=\"elementor-element elementor-element-30d0e00 elementor-widget elementor-widget-text-editor\" data-id=\"30d0e00\" data-element_type=\"widget\" data-e-type=\"widget\" data-widget_type=\"text-editor.default\">\n\t\t\t\t\t\t\t\t\t<p><b>6 &#8211;<\/b> Tax Impact on Investments<\/p>\t\t\t\t\t\t\t\t<\/div>\n\t\t\t\t<div class=\"elementor-element elementor-element-06ef30a elementor-widget elementor-widget-text-editor\" data-id=\"06ef30a\" data-element_type=\"widget\" data-e-type=\"widget\" data-widget_type=\"text-editor.default\">\n\t\t\t\t\t\t\t\t\t<p><b>7 &#8211;<\/b> Current Trends in Capital Markets<\/p>\t\t\t\t\t\t\t\t<\/div>\n\t\t\t\t<div class=\"elementor-element elementor-element-f6950f0 elementor-widget elementor-widget-text-editor\" data-id=\"f6950f0\" data-element_type=\"widget\" data-e-type=\"widget\" data-widget_type=\"text-editor.default\">\n\t\t\t\t\t\t\t\t\t<p><b>8 &#8211;<\/b> Practical Workshop&nbsp;<\/p>\t\t\t\t\t\t\t\t<\/div>\n\t\t\t\t\t<\/div>\n\t\t\t\t<\/div>\n\t\t<div class=\"elementor-element elementor-element-fe9bb6c e-flex e-con-boxed wpr-particle-no wpr-jarallax-no wpr-parallax-no wpr-sticky-section-no e-con e-parent\" data-id=\"fe9bb6c\" data-element_type=\"container\" data-e-type=\"container\" data-settings=\"{&quot;_ha_eqh_enable&quot;:false}\">\n\t\t\t\t\t<div class=\"e-con-inner\">\n\t\t\t\t<div class=\"elementor-element elementor-element-c1a7bdf elementor-widget elementor-widget-heading\" data-id=\"c1a7bdf\" data-element_type=\"widget\" data-e-type=\"widget\" data-widget_type=\"heading.default\">\n\t\t\t\t\t<h2 class=\"elementor-heading-title elementor-size-default\">Academic Direction<\/h2>\t\t\t\t<\/div>\n\t\t\t\t\t<\/div>\n\t\t\t\t<\/div>\n\t\t<div class=\"elementor-element elementor-element-f492b2a e-flex e-con-boxed wpr-particle-no wpr-jarallax-no wpr-parallax-no wpr-sticky-section-no e-con e-parent\" data-id=\"f492b2a\" data-element_type=\"container\" data-e-type=\"container\" data-settings=\"{&quot;_ha_eqh_enable&quot;:false}\">\n\t\t\t\t\t<div class=\"e-con-inner\">\n\t\t\t\t<div class=\"elementor-element elementor-element-e316488 team-member elementor-widget__width-initial wpr-team-member-social-media-center ha-has-bg-overlay elementor-widget elementor-widget-wpr-team-member\" data-id=\"e316488\" data-element_type=\"widget\" data-e-type=\"widget\" data-widget_type=\"wpr-team-member.default\">\n\t\t\t\t\t\n\t<div class=\"wpr-team-member\">\n\t\t\t\t\t\n\t\t\t<div class=\"wpr-member-media\">\n\t\t\t\t<div class=\"wpr-member-image\">\n\t\t\t\t\t<img decoding=\"async\" src=\"https:\/\/flor.org.ar\/wp-content\/uploads\/2026\/02\/square_0000_Luciana-team.jpg\" alt=\"Luciana Ercoli\">\n\t\t\t\t<\/div>\n\t\t\t\t\t\t\t<\/div>\n\t\t\t\t\n\t\t\n\t\t<div class=\"wpr-member-content\">\n\t\t\t<h3 class=\"wpr-member-name\">Luciana Ercoli<\/h3>\n\t\t\t\n\t\t\t\n\t\t\t\n\t\t\t\t\t\t\n\t\t\t\n\t\t<div class=\"wpr-member-social-media\">\n\t\t\t\n\t\t\t\t\t\t\t<a href=\"https:\/\/www.linkedin.com\/in\/luciana-ercoli\/\" class=\"wpr-member-social\">\n\t\t\t\t\t<svg class=\"ekit-svg-icon icon-linkedin\" viewbox=\"0 0 32 32\" xmlns=\"http:\/\/www.w3.org\/2000\/svg\"><path d=\"M3.846 0.427c-2.125 0-3.846 1.723-3.846 3.844 0 2.123 1.72 3.846 3.846 3.846 2.12 0 3.843-1.723 3.843-3.846 0-2.121-1.723-3.844-3.843-3.844zM0.529 11.034h6.632v21.338h-6.632v-21.338zM24.045 10.504c-3.226 0-5.389 1.769-6.275 3.446h-0.089v-2.916h-6.361v21.338h6.626v-10.556c0-2.783 0.53-5.478 3.98-5.478 3.401 0 3.446 3.183 3.446 5.657v10.377h6.627v-11.704c0-5.745-1.24-10.164-7.955-10.164z\"><\/path><\/svg>\t\t\t\t<\/a>\n\t\t\t\t\t\n\t\t\t\n\t\t\t\n\t\t\t\n\t\t\t\n\t\t<\/div>\n\t\t\n\t\t\t\t<\/div>\n\n\t\t\t<\/div>\n\n\t\t\t\t\t<\/div>\n\t\t\t\t\t<\/div>\n\t\t\t\t<\/div>\n\t\t<div class=\"elementor-element elementor-element-d188dec e-flex e-con-boxed wpr-particle-no wpr-jarallax-no wpr-parallax-no wpr-sticky-section-no e-con e-parent\" data-id=\"d188dec\" data-element_type=\"container\" data-e-type=\"container\" data-settings=\"{&quot;_ha_eqh_enable&quot;:false}\">\n\t\t\t\t\t<div class=\"e-con-inner\">\n\t\t\t\t<div class=\"elementor-element elementor-element-9911e47 elementor-widget elementor-widget-heading\" data-id=\"9911e47\" data-element_type=\"widget\" data-e-type=\"widget\" data-widget_type=\"heading.default\">\n\t\t\t\t\t<h2 class=\"elementor-heading-title elementor-size-default\">Facilitators<\/h2>\t\t\t\t<\/div>\n\t\t\t\t<div class=\"elementor-element elementor-element-301a83c elementor-widget elementor-widget-text-editor\" data-id=\"301a83c\" data-element_type=\"widget\" data-e-type=\"widget\" data-widget_type=\"text-editor.default\">\n\t\t\t\t\t\t\t\t\t<ul><li>Valeria Laconich<\/li><li>Luciana Ercoli<\/li><li>Alejo Cacio<\/li><li>Javier de las Carreras<\/li><li>Elisabet Piacentini<\/li><li>Marina Dal Poggetto<\/li><\/ul><div class=\"elementor-element elementor-element-1e408c0 acenter elementor-widget elementor-widget-wgl-double-headings\" data-id=\"1e408c0\" data-element_type=\"widget\" data-widget_type=\"wgl-double-headings.default\"><div class=\"elementor-widget-container\"><div class=\"wgl-double_heading\"><div>\u00a0<\/div><\/div><\/div><\/div><div class=\"elementor-element elementor-element-600440a elementor-view-default elementor-widget elementor-widget-icon\" data-id=\"600440a\" data-element_type=\"widget\" data-widget_type=\"icon.default\">\u00a0<\/div>\t\t\t\t\t\t\t\t<\/div>\n\t\t\t\t\t<\/div>\n\t\t\t\t<\/div>\n\t\t<div class=\"elementor-element elementor-element-3885388 e-con-full e-flex wpr-particle-no wpr-jarallax-no wpr-parallax-no wpr-sticky-section-no e-con e-parent\" data-id=\"3885388\" data-element_type=\"container\" data-e-type=\"container\" data-settings=\"{&quot;_ha_eqh_enable&quot;:false}\">\n\t\t\t\t<div class=\"elementor-element elementor-element-4df739e elementor-widget elementor-widget-heading\" data-id=\"4df739e\" data-element_type=\"widget\" data-e-type=\"widget\" data-widget_type=\"heading.default\">\n\t\t\t\t\t<h2 class=\"elementor-heading-title elementor-size-default\">Get in touch<\/h2>\t\t\t\t<\/div>\n\t\t<div class=\"elementor-element elementor-element-78d9d8c e-flex e-con-boxed wpr-particle-no wpr-jarallax-no wpr-parallax-no wpr-sticky-section-no e-con e-child\" data-id=\"78d9d8c\" data-element_type=\"container\" data-e-type=\"container\" data-settings=\"{&quot;_ha_eqh_enable&quot;:false}\">\n\t\t\t\t\t<div class=\"e-con-inner\">\n\t\t\t\t<div class=\"elementor-element elementor-element-4dac63c elementor-widget elementor-widget-button\" data-id=\"4dac63c\" data-element_type=\"widget\" data-e-type=\"widget\" data-widget_type=\"button.default\">\n\t\t\t\t\t\t\t\t\t\t<a class=\"elementor-button elementor-button-link elementor-size-sm\" href=\"https:\/\/wa.me\/5491144721581\">\n\t\t\t\t\t\t<span class=\"elementor-button-content-wrapper\">\n\t\t\t\t\t\t<span class=\"elementor-button-icon\">\n\t\t\t\t<svg aria-hidden=\"true\" class=\"e-font-icon-svg e-fab-whatsapp\" viewbox=\"0 0 448 512\" xmlns=\"http:\/\/www.w3.org\/2000\/svg\"><path d=\"M380.9 97.1C339 55.1 283.2 32 223.9 32c-122.4 0-222 99.6-222 222 0 39.1 10.2 77.3 29.6 111L0 480l117.7-30.9c32.4 17.7 68.9 27 106.1 27h.1c122.3 0 224.1-99.6 224.1-222 0-59.3-25.2-115-67.1-157zm-157 341.6c-33.2 0-65.7-8.9-94-25.7l-6.7-4-69.8 18.3L72 359.2l-4.4-7c-18.5-29.4-28.2-63.3-28.2-98.2 0-101.7 82.8-184.5 184.6-184.5 49.3 0 95.6 19.2 130.4 54.1 34.8 34.9 56.2 81.2 56.1 130.5 0 101.8-84.9 184.6-186.6 184.6zm101.2-138.2c-5.5-2.8-32.8-16.2-37.9-18-5.1-1.9-8.8-2.8-12.5 2.8-3.7 5.6-14.3 18-17.6 21.8-3.2 3.7-6.5 4.2-12 1.4-32.6-16.3-54-29.1-75.5-66-5.7-9.8 5.7-9.1 16.3-30.3 1.8-3.7.9-6.9-.5-9.7-1.4-2.8-12.5-30.1-17.1-41.2-4.5-10.8-9.1-9.3-12.5-9.5-3.2-.2-6.9-.2-10.6-.2-3.7 0-9.7 1.4-14.8 6.9-5.1 5.6-19.4 19-19.4 46.3 0 27.3 19.9 53.7 22.6 57.4 2.8 3.7 39.1 59.7 94.8 83.8 35.2 15.2 49 16.5 66.6 13.9 10.7-1.6 32.8-13.4 37.4-26.4 4.6-13 4.6-24.1 3.2-26.4-1.3-2.5-5-3.9-10.5-6.6z\"><\/path><\/svg>\t\t\t<\/span>\n\t\t\t\t\t\t\t\t\t<span class=\"elementor-button-text\">WhatsApp<\/span>\n\t\t\t\t\t<\/span>\n\t\t\t\t\t<\/a>\n\t\t\t\t\t\t\t\t<\/div>\n\t\t\t\t<div class=\"elementor-element elementor-element-57a6710 elementor-widget elementor-widget-button\" data-id=\"57a6710\" data-element_type=\"widget\" data-e-type=\"widget\" data-widget_type=\"button.default\">\n\t\t\t\t\t\t\t\t\t\t<a class=\"elementor-button elementor-button-link elementor-size-sm\" href=\"mailto:fundacionflor21@gmail.com?subject=Consulta%20sobre%20programa%20FLOR\">\n\t\t\t\t\t\t<span class=\"elementor-button-content-wrapper\">\n\t\t\t\t\t\t<span class=\"elementor-button-icon\">\n\t\t\t\t<i aria-hidden=\"true\" class=\"huge huge-mail-01\"><\/i>\t\t\t<\/span>\n\t\t\t\t\t\t\t\t\t<span class=\"elementor-button-text\">Contact<\/span>\n\t\t\t\t\t<\/span>\n\t\t\t\t\t<\/a>\n\t\t\t\t\t\t\t\t<\/div>\n\t\t\t\t\t<\/div>\n\t\t\t\t<\/div>\n\t\t\t\t<\/div>\n\t\t\t\t<\/div>","protected":false},"excerpt":{"rendered":"<p>Mujeres que invierten Tom\u00e1 las riendas de tus inversiones financieras. Mujeres que Invierten es un programa de Fundaci\u00f3n FLOR dise\u00f1ado para acercar a m\u00e1s mujeres al mundo de las inversiones, brindando herramientas concretas para comprender, analizar y tomar decisiones financieras con mayor seguridad y autonom\u00eda. A trav\u00e9s de una propuesta pr\u00e1ctica, el programa busca fortalecer el conocimiento financiero, derribar barreras hist\u00f3ricas y promover una participaci\u00f3n activa y estrat\u00e9gica de las mujeres en el \u00e1mbito de las finanzas y la inversi\u00f3n. Objetivos del programa Proveer una comprensi\u00f3n s\u00f3lida de principios financieros y el valor del dinero en el tiempo. Brindar conocimientos sobre el funcionamiento del mercado de capitales. Ayudar a dise\u00f1ar estrategias de inversi\u00f3n alineadas con el perfil de riesgo y objetivos. Facilitar interpretaci\u00f3n de informaci\u00f3n financiera para la inversi\u00f3n. Temario 1 &#8211; Las mujeres, el dinero y las inversiones 2 &#8211; Introducci\u00f3n al mercado de capitales 3 &#8211; Clases de activos I 4 &#8211; Clases de activos II 5 &#8211; Empezando a invertir 6 &#8211; El impacto impositivo en las inversiones 7 &#8211; La actualidad de los mercados de capitales 8 &#8211; Taller pr\u00e1ctico&nbsp; Direcci\u00f3n acad\u00e9mica Luciana Ercoli Facilitadores Valeria Laconich Luciana Ercoli Alejo Cacio Javier de las Carreras Elisabet Piacentini Marina Dal Poggetto \u00a0\u00a0 Env\u00edanos tu consulta WhatsApp Contacto<\/p>","protected":false},"author":1,"featured_media":0,"parent":0,"menu_order":0,"comment_status":"closed","ping_status":"closed","template":"page-templates\/template-pagebuilder-full-width.php","meta":{"neve_meta_sidebar":"","neve_meta_container":"","neve_meta_enable_content_width":"","neve_meta_content_width":0,"neve_meta_title_alignment":"","neve_meta_author_avatar":"","neve_post_elements_order":"","neve_meta_disable_header":"","neve_meta_disable_footer":"","neve_meta_disable_title":"","footnotes":""},"class_list":["post-69","page","type-page","status-publish","hentry"],"_links":{"self":[{"href":"https:\/\/flor.org.ar\/en\/wp-json\/wp\/v2\/pages\/69","targetHints":{"allow":["GET"]}}],"collection":[{"href":"https:\/\/flor.org.ar\/en\/wp-json\/wp\/v2\/pages"}],"about":[{"href":"https:\/\/flor.org.ar\/en\/wp-json\/wp\/v2\/types\/page"}],"author":[{"embeddable":true,"href":"https:\/\/flor.org.ar\/en\/wp-json\/wp\/v2\/users\/1"}],"replies":[{"embeddable":true,"href":"https:\/\/flor.org.ar\/en\/wp-json\/wp\/v2\/comments?post=69"}],"version-history":[{"count":31,"href":"https:\/\/flor.org.ar\/en\/wp-json\/wp\/v2\/pages\/69\/revisions"}],"predecessor-version":[{"id":14939,"href":"https:\/\/flor.org.ar\/en\/wp-json\/wp\/v2\/pages\/69\/revisions\/14939"}],"wp:attachment":[{"href":"https:\/\/flor.org.ar\/en\/wp-json\/wp\/v2\/media?parent=69"}],"curies":[{"name":"wp","href":"https:\/\/api.w.org\/{rel}","templated":true}]}}