{"id":72,"date":"2026-01-07T23:23:32","date_gmt":"2026-01-07T23:23:32","guid":{"rendered":"https:\/\/flor.org.ar\/?page_id=72"},"modified":"2026-03-31T17:11:54","modified_gmt":"2026-03-31T17:11:54","slug":"board-experience","status":"publish","type":"page","link":"https:\/\/flor.org.ar\/en\/board-experience\/","title":{"rendered":"Board Experience"},"content":{"rendered":"<div data-elementor-type=\"wp-page\" data-elementor-id=\"72\" class=\"elementor elementor-72\" data-elementor-settings=\"{&quot;ha_cmc_init_switcher&quot;:&quot;no&quot;}\">\n\t\t\t\t<div class=\"elementor-element elementor-element-7c87dea e-con-full e-flex wpr-particle-no wpr-jarallax-no wpr-parallax-no wpr-sticky-section-no e-con e-parent\" data-id=\"7c87dea\" data-element_type=\"container\" data-e-type=\"container\" data-settings=\"{&quot;_ha_eqh_enable&quot;:false}\">\n\t\t\t\t<div class=\"elementor-element elementor-element-98529fa elementor-widget__width-initial elementor-widget elementor-widget-image\" data-id=\"98529fa\" data-element_type=\"widget\" data-e-type=\"widget\" data-widget_type=\"image.default\">\n\t\t\t\t\t\t\t\t\t\t\t\t\t\t\t<img fetchpriority=\"high\" decoding=\"async\" width=\"300\" height=\"260\" src=\"https:\/\/flor.org.ar\/wp-content\/uploads\/2026\/01\/programa-logo-7.png\" class=\"attachment-full size-full wp-image-505\" alt=\"\" \/>\t\t\t\t\t\t\t\t\t\t\t\t\t\t\t<\/div>\n\t\t\t\t<div class=\"elementor-element elementor-element-d0e0c7b elementor-widget elementor-widget-heading\" data-id=\"d0e0c7b\" data-element_type=\"widget\" data-e-type=\"widget\" data-widget_type=\"heading.default\">\n\t\t\t\t\t<h2 class=\"elementor-heading-title elementor-size-default\"><b>BOARD<\/b> Experience<\/h2>\t\t\t\t<\/div>\n\t\t\t\t<\/div>\n\t\t<div class=\"elementor-element elementor-element-33da240 e-flex e-con-boxed wpr-particle-no wpr-jarallax-no wpr-parallax-no wpr-sticky-section-no e-con e-parent\" data-id=\"33da240\" data-element_type=\"container\" data-e-type=\"container\" data-settings=\"{&quot;_ha_eqh_enable&quot;:false}\">\n\t\t\t\t\t<div class=\"e-con-inner\">\n\t\t\t\t<div class=\"elementor-element elementor-element-34bd1c8 elementor-widget elementor-widget-heading\" data-id=\"34bd1c8\" data-element_type=\"widget\" data-e-type=\"widget\" data-widget_type=\"heading.default\">\n\t\t\t\t\t<h2 class=\"elementor-heading-title elementor-size-default\">A real experience in the highest decision-making spheres<\/h2>\t\t\t\t<\/div>\n\t\t\t\t<div class=\"elementor-element elementor-element-133b2a5 elementor-widget elementor-widget-image\" data-id=\"133b2a5\" data-element_type=\"widget\" data-e-type=\"widget\" data-widget_type=\"image.default\">\n\t\t\t\t\t\t\t\t\t\t\t\t\t\t\t<img decoding=\"async\" width=\"1024\" height=\"536\" src=\"https:\/\/flor.org.ar\/wp-content\/uploads\/2026\/01\/boardExperience-1.png\" class=\"attachment-full size-full wp-image-866\" alt=\"\" srcset=\"https:\/\/flor.org.ar\/wp-content\/uploads\/2026\/01\/boardExperience-1.png 1024w, https:\/\/flor.org.ar\/wp-content\/uploads\/2026\/01\/boardExperience-1-300x157.png 300w, https:\/\/flor.org.ar\/wp-content\/uploads\/2026\/01\/boardExperience-1-768x402.png 768w\" sizes=\"(max-width: 1024px) 100vw, 1024px\" \/>\t\t\t\t\t\t\t\t\t\t\t\t\t\t\t<\/div>\n\t\t\t\t<div class=\"elementor-element elementor-element-a0bae0c elementor-widget elementor-widget-text-editor\" data-id=\"a0bae0c\" data-element_type=\"widget\" data-e-type=\"widget\" data-widget_type=\"text-editor.default\">\n\t\t\t\t\t\t\t\t\t<p class=\"translation-block\">In the world of organizations, diversity in decision-making is essential for optimal institutional development.<br>However, few organizations still have gender diversity in their top decision-making bodies.<\/p>\t\t\t\t\t\t\t\t<\/div>\n\t\t\t\t<div class=\"elementor-element elementor-element-9d9d9f7 elementor-widget elementor-widget-text-editor\" data-id=\"9d9d9f7\" data-element_type=\"widget\" data-e-type=\"widget\" data-widget_type=\"text-editor.default\">\n\t\t\t\t\t\t\t\t\t<p class=\"translation-block\">Did you know that only 23.3% of decision-making positions worldwide are held by women?<br>In Latin America, the percentage of female representation drops to 11.6% at decision-making tables.<\/p>\t\t\t\t\t\t\t\t<\/div>\n\t\t\t\t\t<\/div>\n\t\t\t\t<\/div>\n\t\t<div class=\"elementor-element elementor-element-4d1b89b e-flex e-con-boxed wpr-particle-no wpr-jarallax-no wpr-parallax-no wpr-sticky-section-no e-con e-parent\" data-id=\"4d1b89b\" data-element_type=\"container\" data-e-type=\"container\" data-settings=\"{&quot;_ha_eqh_enable&quot;:false}\">\n\t\t\t\t\t<div class=\"e-con-inner\">\n\t\t\t\t<div class=\"elementor-element elementor-element-b00ecab elementor-widget elementor-widget-heading\" data-id=\"b00ecab\" data-element_type=\"widget\" data-e-type=\"widget\" data-widget_type=\"heading.default\">\n\t\t\t\t\t<h2 class=\"elementor-heading-title elementor-size-default\">Program Objectives<\/h2>\t\t\t\t<\/div>\n\t\t\t\t<div class=\"elementor-element elementor-element-8a214b2 elementor-widget elementor-widget-text-editor\" data-id=\"8a214b2\" data-element_type=\"widget\" data-e-type=\"widget\" data-widget_type=\"text-editor.default\">\n\t\t\t\t\t\t\t\t\t<p class=\"translation-block\">This program aims to create a WIN\u2013WIN situation. On one hand, participating organizations benefit from the contributions of our leaders and increase gender diversity in their top decision-making levels.<br>On the other hand, these women expand their knowledge through practice, adding valuable experience to their r\u00e9sum\u00e9s.<\/p><p><br><b>How?<br><\/b>Creating a bridge between organizations (Be champions) and women leaders (Be members)<\/p>\t\t\t\t\t\t\t\t<\/div>\n\t\t<div class=\"elementor-element elementor-element-1478b52 e-flex e-con-boxed wpr-particle-no wpr-jarallax-no wpr-parallax-no wpr-sticky-section-no e-con e-child\" data-id=\"1478b52\" data-element_type=\"container\" data-e-type=\"container\" data-settings=\"{&quot;_ha_eqh_enable&quot;:false}\">\n\t\t\t\t\t<div class=\"e-con-inner\">\n\t\t<div class=\"elementor-element elementor-element-6658bf1 e-con-full objetivo-card e-flex wpr-particle-no wpr-jarallax-no wpr-parallax-no wpr-sticky-section-no e-con e-child\" data-id=\"6658bf1\" data-element_type=\"container\" data-e-type=\"container\" data-settings=\"{&quot;_ha_eqh_enable&quot;:false}\">\n\t\t\t\t<div class=\"elementor-element elementor-element-45023c9 ha-has-bg-overlay elementor-widget elementor-widget-heading\" data-id=\"45023c9\" data-element_type=\"widget\" data-e-type=\"widget\" data-widget_type=\"heading.default\">\n\t\t\t\t\t<h2 class=\"elementor-heading-title elementor-size-default\">Be Members<\/h2>\t\t\t\t<\/div>\n\t\t\t\t<div class=\"elementor-element elementor-element-0456342 elementor-widget elementor-widget-text-editor\" data-id=\"0456342\" data-element_type=\"widget\" data-e-type=\"widget\" data-widget_type=\"text-editor.default\">\n\t\t\t\t\t\t\t\t\t<ul><li>Experience firsthand what it\u2019s like to be part of a Board or witness how it operates.<\/li><li>Add experience to their CV for future professional development.<\/li><li>Be recognized and promoted by FLOR Foundation as a \u201cBoard Experience Member\u201d on its website, social media, and newsletters for their commitment to diversity.<\/li><\/ul>\t\t\t\t\t\t\t\t<\/div>\n\t\t\t\t<\/div>\n\t\t<div class=\"elementor-element elementor-element-66280d8 e-con-full objetivo-card e-flex wpr-particle-no wpr-jarallax-no wpr-parallax-no wpr-sticky-section-no e-con e-child\" data-id=\"66280d8\" data-element_type=\"container\" data-e-type=\"container\" data-settings=\"{&quot;_ha_eqh_enable&quot;:false}\">\n\t\t\t\t<div class=\"elementor-element elementor-element-ac2295d ha-has-bg-overlay elementor-widget elementor-widget-heading\" data-id=\"ac2295d\" data-element_type=\"widget\" data-e-type=\"widget\" data-widget_type=\"heading.default\">\n\t\t\t\t\t<h2 class=\"elementor-heading-title elementor-size-default\">Be Champions<\/h2>\t\t\t\t<\/div>\n\t\t\t\t<div class=\"elementor-element elementor-element-d000ce3 elementor-widget elementor-widget-text-editor\" data-id=\"d000ce3\" data-element_type=\"widget\" data-e-type=\"widget\" data-widget_type=\"text-editor.default\">\n\t\t\t\t\t\t\t\t\t<ul><li>By simply signing the collaboration agreement, the initiative can be classified as a \u201ccorporate social responsibility activity.\u201d<\/li><li>Add diversity and professionals of the caliber of Mujeres en Decisi\u00f3n (MED) to their organization in an agreed-upon format.<\/li><li>Be recognized and promoted by FLOR Foundation as a \u201cBoard Experience Member\u201d on its website, social media, and newsletters for their commitment to diversity.<\/li><\/ul>\t\t\t\t\t\t\t\t<\/div>\n\t\t\t\t<\/div>\n\t\t\t\t\t<\/div>\n\t\t\t\t<\/div>\n\t\t\t\t\t<\/div>\n\t\t\t\t<\/div>\n\t\t<div class=\"elementor-element elementor-element-5f38a38 e-grid e-con-boxed wpr-particle-no wpr-jarallax-no wpr-parallax-no wpr-sticky-section-no e-con e-child\" data-id=\"5f38a38\" data-element_type=\"container\" data-e-type=\"container\" data-settings=\"{&quot;_ha_eqh_enable&quot;:false}\">\n\t\t\t\t\t<div class=\"e-con-inner\">\n\t\t\t\t<div class=\"elementor-element elementor-element-f42b942 elementor-widget__width-inherit ha-has-bg-overlay elementor-widget elementor-widget-counter\" data-id=\"f42b942\" data-element_type=\"widget\" data-e-type=\"widget\" data-widget_type=\"counter.default\">\n\t\t\t\t\t\t\t<div class=\"elementor-counter\">\n\t\t\t<p class=\"elementor-counter-title\">Nominated BE Members<\/p>\t\t\t<div class=\"elementor-counter-number-wrapper\">\n\t\t\t\t<span class=\"elementor-counter-number-prefix\"><\/span>\n\t\t\t\t<span class=\"elementor-counter-number\" data-duration=\"2000\" data-to-value=\"30\" data-from-value=\"0\" data-delimiter=\",\">0<\/span>\n\t\t\t\t<span class=\"elementor-counter-number-suffix\"><\/span>\n\t\t\t<\/div>\n\t\t<\/div>\n\t\t\t\t\t\t<\/div>\n\t\t\t\t<div class=\"elementor-element elementor-element-3023b8c elementor-widget__width-inherit ha-has-bg-overlay elementor-widget elementor-widget-counter\" data-id=\"3023b8c\" data-element_type=\"widget\" data-e-type=\"widget\" data-widget_type=\"counter.default\">\n\t\t\t\t\t\t\t<div class=\"elementor-counter\">\n\t\t\t<p class=\"elementor-counter-title\">Selected BE Members<\/p>\t\t\t<div class=\"elementor-counter-number-wrapper\">\n\t\t\t\t<span class=\"elementor-counter-number-prefix\"><\/span>\n\t\t\t\t<span class=\"elementor-counter-number\" data-duration=\"2000\" data-to-value=\"5\" data-from-value=\"0\" data-delimiter=\",\">0<\/span>\n\t\t\t\t<span class=\"elementor-counter-number-suffix\"><\/span>\n\t\t\t<\/div>\n\t\t<\/div>\n\t\t\t\t\t\t<\/div>\n\t\t\t\t<div class=\"elementor-element elementor-element-2e7eb5e elementor-widget__width-inherit ha-has-bg-overlay elementor-widget elementor-widget-counter\" data-id=\"2e7eb5e\" data-element_type=\"widget\" data-e-type=\"widget\" data-widget_type=\"counter.default\">\n\t\t\t\t\t\t\t<div class=\"elementor-counter\">\n\t\t\t<p class=\"elementor-counter-title\">Organizations<\/p>\t\t\t<div class=\"elementor-counter-number-wrapper\">\n\t\t\t\t<span class=\"elementor-counter-number-prefix\"><\/span>\n\t\t\t\t<span class=\"elementor-counter-number\" data-duration=\"2000\" data-to-value=\"8\" data-from-value=\"0\" data-delimiter=\" \">0<\/span>\n\t\t\t\t<span class=\"elementor-counter-number-suffix\"><\/span>\n\t\t\t<\/div>\n\t\t<\/div>\n\t\t\t\t\t\t<\/div>\n\t\t\t\t\t<\/div>\n\t\t\t\t<\/div>\n\t\t<div class=\"elementor-element elementor-element-bd58cc1 e-flex e-con-boxed wpr-particle-no wpr-jarallax-no wpr-parallax-no wpr-sticky-section-no e-con e-parent\" data-id=\"bd58cc1\" data-element_type=\"container\" data-e-type=\"container\" data-settings=\"{&quot;_ha_eqh_enable&quot;:false}\">\n\t\t\t\t\t<div class=\"e-con-inner\">\n\t\t\t\t<div class=\"elementor-element elementor-element-9512048 elementor-widget elementor-widget-heading\" data-id=\"9512048\" data-element_type=\"widget\" data-e-type=\"widget\" data-widget_type=\"heading.default\">\n\t\t\t\t\t<h2 class=\"elementor-heading-title elementor-size-default\">The Impact of Women on Organizational Boards<\/h2>\t\t\t\t<\/div>\n\t\t\t\t<div class=\"elementor-element elementor-element-5d85e10 elementor-widget elementor-widget-text-editor\" data-id=\"5d85e10\" data-element_type=\"widget\" data-e-type=\"widget\" data-widget_type=\"text-editor.default\">\n\t\t\t\t\t\t\t\t\t<ul><li>Best Sustainability Practices<\/li><li>Improvement in Environmental Performance<\/li><li>Better Return on Assets and Sales<\/li><li>Improvement in Company Value<\/li><li>Reduction of Financial Risks<\/li><li>Greater Social Engagement<\/li><li>Stronger Labor Relations<\/li><li>Improvement in Ethical Conduct and Reputation<\/li><li>Greater Board Effectiveness<\/li><li>Better Organizational Policies<\/li><li>Increased Transparency and Reduced Fraud<\/li><\/ul>\t\t\t\t\t\t\t\t<\/div>\n\t\t\t\t\t<\/div>\n\t\t\t\t<\/div>\n\t\t<div class=\"elementor-element elementor-element-fd7b553 e-flex e-con-boxed wpr-particle-no wpr-jarallax-no wpr-parallax-no wpr-sticky-section-no e-con e-parent\" data-id=\"fd7b553\" data-element_type=\"container\" data-e-type=\"container\" data-settings=\"{&quot;_ha_eqh_enable&quot;:false}\">\n\t\t\t\t\t<div class=\"e-con-inner\">\n\t\t\t\t<div class=\"elementor-element elementor-element-548780e elementor-widget elementor-widget-heading\" data-id=\"548780e\" data-element_type=\"widget\" data-e-type=\"widget\" data-widget_type=\"heading.default\">\n\t\t\t\t\t<h2 class=\"elementor-heading-title elementor-size-default\">If you want to professionalize your organization\u2019s board, join us now!\nThe program is free, and the conditions are 100% flexible.<\/h2>\t\t\t\t<\/div>\n\t\t\t\t<div class=\"elementor-element elementor-element-a67081c elementor-widget elementor-widget-text-editor\" data-id=\"a67081c\" data-element_type=\"widget\" data-e-type=\"widget\" data-widget_type=\"text-editor.default\">\n\t\t\t\t\t\t\t\t\t<p class=\"translation-block\">If you are a MED graduate, join as a board member candidate.<br>Start today the career you\u2019ve always dreamed of.<\/p>\t\t\t\t\t\t\t\t<\/div>\n\t\t\t\t\t<\/div>\n\t\t\t\t<\/div>\n\t\t<div class=\"elementor-element elementor-element-fa8f2d5 e-con-full e-flex wpr-particle-no wpr-jarallax-no wpr-parallax-no wpr-sticky-section-no e-con e-parent\" data-id=\"fa8f2d5\" data-element_type=\"container\" data-e-type=\"container\" data-settings=\"{&quot;_ha_eqh_enable&quot;:false}\">\n\t\t\t\t<div class=\"elementor-element elementor-element-84bac7f elementor-widget elementor-widget-heading\" data-id=\"84bac7f\" data-element_type=\"widget\" data-e-type=\"widget\" data-widget_type=\"heading.default\">\n\t\t\t\t\t<h2 class=\"elementor-heading-title elementor-size-default\">Get in touch<\/h2>\t\t\t\t<\/div>\n\t\t<div class=\"elementor-element elementor-element-dac7a71 e-flex e-con-boxed wpr-particle-no wpr-jarallax-no wpr-parallax-no wpr-sticky-section-no e-con e-child\" data-id=\"dac7a71\" data-element_type=\"container\" data-e-type=\"container\" data-settings=\"{&quot;_ha_eqh_enable&quot;:false}\">\n\t\t\t\t\t<div class=\"e-con-inner\">\n\t\t\t\t<div class=\"elementor-element elementor-element-8813326 elementor-widget elementor-widget-button\" data-id=\"8813326\" data-element_type=\"widget\" data-e-type=\"widget\" data-widget_type=\"button.default\">\n\t\t\t\t\t\t\t\t\t\t<a class=\"elementor-button elementor-button-link elementor-size-sm\" href=\"https:\/\/wa.me\/5491128873613\">\n\t\t\t\t\t\t<span class=\"elementor-button-content-wrapper\">\n\t\t\t\t\t\t<span class=\"elementor-button-icon\">\n\t\t\t\t<svg aria-hidden=\"true\" class=\"e-font-icon-svg e-fab-whatsapp\" viewbox=\"0 0 448 512\" xmlns=\"http:\/\/www.w3.org\/2000\/svg\"><path d=\"M380.9 97.1C339 55.1 283.2 32 223.9 32c-122.4 0-222 99.6-222 222 0 39.1 10.2 77.3 29.6 111L0 480l117.7-30.9c32.4 17.7 68.9 27 106.1 27h.1c122.3 0 224.1-99.6 224.1-222 0-59.3-25.2-115-67.1-157zm-157 341.6c-33.2 0-65.7-8.9-94-25.7l-6.7-4-69.8 18.3L72 359.2l-4.4-7c-18.5-29.4-28.2-63.3-28.2-98.2 0-101.7 82.8-184.5 184.6-184.5 49.3 0 95.6 19.2 130.4 54.1 34.8 34.9 56.2 81.2 56.1 130.5 0 101.8-84.9 184.6-186.6 184.6zm101.2-138.2c-5.5-2.8-32.8-16.2-37.9-18-5.1-1.9-8.8-2.8-12.5 2.8-3.7 5.6-14.3 18-17.6 21.8-3.2 3.7-6.5 4.2-12 1.4-32.6-16.3-54-29.1-75.5-66-5.7-9.8 5.7-9.1 16.3-30.3 1.8-3.7.9-6.9-.5-9.7-1.4-2.8-12.5-30.1-17.1-41.2-4.5-10.8-9.1-9.3-12.5-9.5-3.2-.2-6.9-.2-10.6-.2-3.7 0-9.7 1.4-14.8 6.9-5.1 5.6-19.4 19-19.4 46.3 0 27.3 19.9 53.7 22.6 57.4 2.8 3.7 39.1 59.7 94.8 83.8 35.2 15.2 49 16.5 66.6 13.9 10.7-1.6 32.8-13.4 37.4-26.4 4.6-13 4.6-24.1 3.2-26.4-1.3-2.5-5-3.9-10.5-6.6z\"><\/path><\/svg>\t\t\t<\/span>\n\t\t\t\t\t\t\t\t\t<span class=\"elementor-button-text\">WhatsApp<\/span>\n\t\t\t\t\t<\/span>\n\t\t\t\t\t<\/a>\n\t\t\t\t\t\t\t\t<\/div>\n\t\t\t\t<div class=\"elementor-element elementor-element-186749c elementor-widget elementor-widget-button\" data-id=\"186749c\" data-element_type=\"widget\" data-e-type=\"widget\" data-widget_type=\"button.default\">\n\t\t\t\t\t\t\t\t\t\t<a class=\"elementor-button elementor-button-link elementor-size-sm\" href=\"mailto:mattfundacionflor@gmail.com?subject=Consulta%20sobre%20programa%20FLOR\">\n\t\t\t\t\t\t<span class=\"elementor-button-content-wrapper\">\n\t\t\t\t\t\t<span class=\"elementor-button-icon\">\n\t\t\t\t<i aria-hidden=\"true\" class=\"huge huge-mail-01\"><\/i>\t\t\t<\/span>\n\t\t\t\t\t\t\t\t\t<span class=\"elementor-button-text\">Contact<\/span>\n\t\t\t\t\t<\/span>\n\t\t\t\t\t<\/a>\n\t\t\t\t\t\t\t\t<\/div>\n\t\t\t\t\t<\/div>\n\t\t\t\t<\/div>\n\t\t\t\t<\/div>\n\t\t\t\t<\/div>","protected":false},"excerpt":{"rendered":"<p>BOARD Experience Una experiencia real en las altas esferas de decisi\u00f3n En el mundo de las organizaciones, la diversidad en la toma de decisiones es fundamental para un \u00f3ptimo desarrollo institucional.Sin embargo, a\u00fan son pocas las organizaciones que tienen diversidad de g\u00e9nero en sus m\u00e1ximos \u00f3rganos decisorios. \u00bfSab\u00edas que s\u00f3lo el 23.3% de los lugares de decisi\u00f3n en el mundo, son ocupados por mujeres?En Am\u00e9rica Latina, el porcentaje de representaci\u00f3n femenina baja al 11.6% en las mesas de decisi\u00f3n. Objetivos del programa Este programa busca generar un GANAR \u2013 GANAR. Por un lado, las organizaciones que participan se enriquecen con los aportes de nuestras l\u00edderes e incrementan su diversidad de g\u00e9nero en las altas esferas de decisi\u00f3n.Por otro, estas mujeres expanden sus conocimientos a trav\u00e9s de la pr\u00e1ctica, sumando experiencia a sus hojas de vida. \u00bfC\u00f3mo lo hacemos?Generando un puente entre las organizaciones (Be champions) y las mujeres l\u00edderes (Be members) Be Members Vivir la experiencia real de integrar un Directorio o vivenciar su funcionamiento. Sumar experiencia a su CV para su futuro desarrollo profesional. Ser reconocida y promocionada por Fundaci\u00f3n FLOR como \u201cBoard Experience Member\u201d en su p\u00e1gina web, redes sociales y gacetillas por su compromiso con la diversidad Be Champions Con la sola firma del contrato de colaboraci\u00f3n puede encuadrar la iniciativa como una \u201cactividad de responsabilidad empresaria\u201d. Sumar diversidad y profesionales del calibre de Mujeres en Decisi\u00f3n (MED) a su organizaci\u00f3n en una modalidad a convenir. Ser reconocido y promocionado por Fundaci\u00f3n FLOR como \u201cBoard Experience Champion\u201d en su p\u00e1gina web, redes sociales y gacetillas por su compromiso con la diversidad. BE members postuladas 0 BE members seleccionadas 0 Organizaciones integrantes 0 El impacto de las mujeres en los directorios de las organizaciones Mejores pr\u00e1cticas de sostenibilidad. Mejora en el desempe\u00f1o ambiental. Mejor retorno sobre activos y ventas. Mejora en el valor de la empresa. Reducci\u00f3n de riesgos financieros. Mayor compromiso social. Relaciones laborales m\u00e1s s\u00f3lidas. Mejora en la conducta \u00e9tica y la reputaci\u00f3n. Mayor efectividad en los directorios. Mejores pol\u00edticas organizacionales. M\u00e1s transparencia y reducci\u00f3n del fraude. Si quer\u00e9s profesionalizar el directorio de tu organizaci\u00f3n, \u00a1S\u00famate ahora mismo! El programa es gratuito y las condiciones 100% adaptables. Si sos egresada MED, sumate como candidata a directora.Empez\u00e1 hoy a hacer esa carrera que tanto so\u00f1aste. Env\u00edanos tu consulta WhatsApp Contacto<\/p>","protected":false},"author":1,"featured_media":0,"parent":0,"menu_order":0,"comment_status":"closed","ping_status":"closed","template":"page-templates\/template-pagebuilder-full-width.php","meta":{"neve_meta_sidebar":"","neve_meta_container":"","neve_meta_enable_content_width":"","neve_meta_content_width":0,"neve_meta_title_alignment":"","neve_meta_author_avatar":"","neve_post_elements_order":"","neve_meta_disable_header":"","neve_meta_disable_footer":"","neve_meta_disable_title":"","footnotes":""},"class_list":["post-72","page","type-page","status-publish","hentry"],"_links":{"self":[{"href":"https:\/\/flor.org.ar\/en\/wp-json\/wp\/v2\/pages\/72","targetHints":{"allow":["GET"]}}],"collection":[{"href":"https:\/\/flor.org.ar\/en\/wp-json\/wp\/v2\/pages"}],"about":[{"href":"https:\/\/flor.org.ar\/en\/wp-json\/wp\/v2\/types\/page"}],"author":[{"embeddable":true,"href":"https:\/\/flor.org.ar\/en\/wp-json\/wp\/v2\/users\/1"}],"replies":[{"embeddable":true,"href":"https:\/\/flor.org.ar\/en\/wp-json\/wp\/v2\/comments?post=72"}],"version-history":[{"count":61,"href":"https:\/\/flor.org.ar\/en\/wp-json\/wp\/v2\/pages\/72\/revisions"}],"predecessor-version":[{"id":14927,"href":"https:\/\/flor.org.ar\/en\/wp-json\/wp\/v2\/pages\/72\/revisions\/14927"}],"wp:attachment":[{"href":"https:\/\/flor.org.ar\/en\/wp-json\/wp\/v2\/media?parent=72"}],"curies":[{"name":"wp","href":"https:\/\/api.w.org\/{rel}","templated":true}]}}